{"id":593,"date":"2025-12-08T14:03:27","date_gmt":"2025-12-08T14:03:27","guid":{"rendered":"https:\/\/polarisfamily.com\/o-nas\/"},"modified":"2026-01-27T13:02:46","modified_gmt":"2026-01-27T13:02:46","slug":"o-nas","status":"publish","type":"page","link":"https:\/\/polarisfamily.com\/pl\/o-nas\/","title":{"rendered":"O nas"},"content":{"rendered":"<p>[et_pb_section fb_built=&#8221;1&#8243; fullwidth=&#8221;on&#8221; _builder_version=&#8221;4.27.5&#8243; _module_preset=&#8221;default&#8221; use_background_color_gradient=&#8221;on&#8221; background_color_gradient_stops=&#8221;rgba(0,0,0,0) 1%|rgba(0,0,0,0.28) 100%&#8221; background_color_gradient_overlays_image=&#8221;on&#8221; background_image=&#8221;https:\/\/polarisfamily.com\/wp-content\/uploads\/2025\/12\/header-image-about.jpg&#8221; min_height=&#8221;550px&#8221; min_height_tablet=&#8221;550px&#8221; min_height_phone=&#8221;550px&#8221; min_height_last_edited=&#8221;on|desktop&#8221; custom_margin=&#8221;-160px||||false|false&#8221; global_colors_info=&#8221;{}&#8221;][et_pb_fullwidth_header _builder_version=&#8221;4.27.5&#8243; _module_preset=&#8221;default&#8221; title_font=&#8221;Arial|||on|||||&#8221; title_font_size=&#8221;60px&#8221; title_letter_spacing=&#8221;-0.04em&#8221; title_line_height=&#8221;0.8em&#8221; background_enable_color=&#8221;off&#8221; background_enable_image=&#8221;off&#8221; custom_margin=&#8221;||||false|false&#8221; custom_padding=&#8221;620px||38px||false|false&#8221; animation_style=&#8221;slide&#8221; animation_direction=&#8221;bottom&#8221; animation_intensity_slide=&#8221;5%&#8221; global_colors_info=&#8221;{}&#8221;]<\/p>\n<h1><strong>TRZY Dekady<br \/><\/strong> Doskona\u0142o\u015bci w <br \/><strong>Produkcji Odzie\u017cy<\/strong><\/h1>\n<p>[\/et_pb_fullwidth_header][\/et_pb_section][et_pb_section fb_built=&#8221;1&#8243; _builder_version=&#8221;4.27.4&#8243; _module_preset=&#8221;default&#8221; custom_padding=&#8221;44px||104px|||&#8221; global_colors_info=&#8221;{}&#8221;][et_pb_row _builder_version=&#8221;4.27.4&#8243; _module_preset=&#8221;default&#8221; custom_margin=&#8221;0px||||false|false&#8221; global_colors_info=&#8221;{}&#8221;][et_pb_column type=&#8221;4_4&#8243; _builder_version=&#8221;4.27.4&#8243; _module_preset=&#8221;default&#8221; global_colors_info=&#8221;{}&#8221;][et_pb_text _builder_version=&#8221;4.27.5&#8243; _module_preset=&#8221;default&#8221; text_font=&#8221;Arial||||||||&#8221; text_font_size=&#8221;20px&#8221; text_letter_spacing=&#8221;0.01em&#8221; text_line_height=&#8221;1.6em&#8221; header_font=&#8221;Arial|700|||||||&#8221; header_2_font=&#8221;Arial|300|||||||&#8221; header_2_text_color=&#8221;#ff6600&#8243; header_2_font_size=&#8221;50px&#8221; header_2_letter_spacing=&#8221;-0.03em&#8221; header_2_line_height=&#8221;0.9em&#8221; custom_margin=&#8221;0px||||false|false&#8221; custom_padding=&#8221;||||false|false&#8221; locked=&#8221;off&#8221; global_colors_info=&#8221;{}&#8221;]<\/p>\n<h2>Nap\u0119dzani Jako\u015bci\u0105.<br \/><strong>Zbudowani na Zaufaniu.<\/strong><\/h2>\n<p>[\/et_pb_text][et_pb_text quote_border_weight=&#8221;60px&#8221; quote_border_color=&#8221;#FF6600&#8243; _builder_version=&#8221;4.27.5&#8243; _module_preset=&#8221;default&#8221; text_font=&#8221;Arial||||||||&#8221; text_font_size=&#8221;20px&#8221; text_letter_spacing=&#8221;0.01em&#8221; quote_font=&#8221;|700||on|||||&#8221; quote_text_color=&#8221;#FF6600&#8243; header_font=&#8221;Arial|700|||||||&#8221; header_2_font_size=&#8221;25px&#8221; header_2_line_height=&#8221;1.2em&#8221; header_3_font=&#8221;Arial|700|||||||&#8221; header_3_text_color=&#8221;#FF6600&#8243; header_3_line_height=&#8221;1.7em&#8221; custom_margin=&#8221;-8px||5px||false|false&#8221; global_colors_info=&#8221;{}&#8221;]<\/p>\n<h2>Od ponad trzydziestu lat dzia\u0142amy w sercu mi\u0119dzynarodowej bran\u017cy odzie\u017cowej. Tym, co nas nap\u0119dza, nie jest jedynie produkcja odzie\u017cy \u2013 to pasja do jako\u015bci, precyzji i idealnego po\u0142\u0105czenia designu, rzemios\u0142a, technologii i terminowo\u015bci. <\/h2>\n<blockquote>\n<p>Jako\u015b\u0107 to Nie Krok \u2013 to Spos\u00f3b My\u015blenia<\/p>\n<\/blockquote>\n<p>Jako\u015b\u0107 dla nas nie zaczyna si\u0119 dopiero na ko\u0144cu, ale towarzyszy ka\u017cdemu etapowi procesu produkcyjnego. Od pierwszej kontroli tkaniny po ostateczn\u0105 dostaw\u0119, ka\u017cda partia jest monitorowana, sprawdzana i dokumentowana przez naszych mi\u0119dzynarodowych ekspert\u00f3w ds. jako\u015bci. <\/p>\n<p>W ten spos\u00f3b zapewniamy, \u017ce na ko\u0144cu nie powstaje po prostu produkt \u2013 ale wynik, kt\u00f3ry spe\u0142nia nasze w\u0142asne standardy: bezkompromisowa jako\u015b\u0107.<\/p>\n<blockquote>\n<p>Od Wizji do Dostawy<\/p>\n<\/blockquote>\n<p>Nasza praca nie ko\u0144czy si\u0119 na maszynie do szycia. My\u015blimy o procesach holistycznie. Dlatego wspieramy naszych klient\u00f3w nie tylko w produkcji, ale tak\u017ce w obszarach finansowania i logistyki.  <\/p>\n<p>Pa\u0144stwo definiuj\u0105 swoj\u0105 wizj\u0119, produkt i termin docelowy \u2013 my zajmujemy si\u0119 drog\u0105 do tego celu. Strukturalnie, niezawodnie i z uwag\u0105 na ekonomiczno\u015b\u0107 i bezpiecze\u0144stwo dostaw. <\/p>\n<blockquote>\n<p>Co Nas Definiuje<\/p>\n<\/blockquote>\n<ul>\n<li>Ponad 30 lat mi\u0119dzynarodowego do\u015bwiadczenia<\/li>\n<li>W\u0142asne zak\u0142ady produkcyjne w Europie i Azji<\/li>\n<li>\u017bywa kultura jako\u015bci na wszystkich szczeblach<\/li>\n<li>Niezawodne procesy i transparentna komunikacja<\/li>\n<li>Rozwi\u0105zania pod klucz z jednej r\u0119ki<\/li>\n<\/ul>\n<blockquote>\n<p>Partnerstwo, na Kt\u00f3rym Mo\u017cna Polega\u0107<\/p>\n<\/blockquote>\n<p>Postrzegamy siebie nie tylko jako us\u0142ugodawc\u0119, ale jako d\u0142ugoterminowego partnera u Pa\u0144stwa boku. Pa\u0144stwa sukces nie jest dla nas projektem \u2013 jest naszym celem. <\/p>\n<p>[\/et_pb_text][\/et_pb_column][\/et_pb_row][\/et_pb_section][et_pb_section fb_built=&#8221;1&#8243; _builder_version=&#8221;4.27.4&#8243; _module_preset=&#8221;default&#8221; background_color=&#8221;#cccccc&#8221; custom_padding=&#8221;117px||104px|||&#8221; locked=&#8221;off&#8221; global_colors_info=&#8221;{}&#8221;][et_pb_row _builder_version=&#8221;4.27.4&#8243; _module_preset=&#8221;default&#8221; global_colors_info=&#8221;{}&#8221;][et_pb_column type=&#8221;4_4&#8243; _builder_version=&#8221;4.27.4&#8243; _module_preset=&#8221;default&#8221; global_colors_info=&#8221;{}&#8221;][et_pb_text _builder_version=&#8221;4.27.5&#8243; _module_preset=&#8221;default&#8221; text_font=&#8221;Arial||||||||&#8221; text_font_size=&#8221;20px&#8221; text_letter_spacing=&#8221;0.01em&#8221; text_line_height=&#8221;1.6em&#8221; header_font=&#8221;Arial|700|||||||&#8221; header_2_font=&#8221;Arial|300|||||||&#8221; header_2_text_color=&#8221;#ff6600&#8243; header_2_font_size=&#8221;50px&#8221; header_2_letter_spacing=&#8221;-0.03em&#8221; header_2_line_height=&#8221;0.9em&#8221; global_colors_info=&#8221;{}&#8221;]<\/p>\n<h2>Od Wizji do Globalnego<br \/><strong>Partnera Produkcyjnego<\/strong><\/h2>\n<p>[\/et_pb_text][et_pb_text quote_border_weight=&#8221;60px&#8221; quote_border_color=&#8221;#FF6600&#8243; _builder_version=&#8221;4.27.5&#8243; _module_preset=&#8221;default&#8221; text_font=&#8221;Arial||||||||&#8221; text_font_size=&#8221;20px&#8221; text_letter_spacing=&#8221;0.01em&#8221; quote_font=&#8221;|700||on|||||&#8221; quote_text_color=&#8221;#FF6600&#8243; header_font=&#8221;Arial|700|||||||&#8221; header_2_font_size=&#8221;25px&#8221; header_2_line_height=&#8221;1.2em&#8221; header_3_font=&#8221;Arial|700|||||||&#8221; header_3_text_color=&#8221;#FF6600&#8243; header_3_line_height=&#8221;1.7em&#8221; custom_margin=&#8221;-8px||5px||false|false&#8221; global_colors_info=&#8221;{}&#8221;]<\/p>\n<p>Nasza historia zaczyna si\u0119 w 1992 roku \u2013 z jasn\u0105 ide\u0105 i ambicj\u0105, aby by\u0107 czym\u015b wi\u0119cej ni\u017c tylko po\u015brednikiem. To, co zacz\u0119\u0142o si\u0119 jako agencja, krok po kroku przekszta\u0142ci\u0142o si\u0119 w mi\u0119dzynarodowe przedsi\u0119biorstwo, kt\u00f3re swoim klientom oferowa\u0142o nie tylko pojedyncze us\u0142ugi, ale kompleksowe rozwi\u0105zania. <\/p>\n<p>Wraz z rosn\u0105cym zaufaniem naszych klient\u00f3w ros\u0142y r\u00f3wnie\u017c nasze ambicje: rozszerzyli\u015bmy nasz\u0105 obecno\u015b\u0107 na ca\u0142ym \u015bwiecie, otworzyli\u015bmy w\u0142asne biura, zwi\u0119kszyli\u015bmy nasze moce produkcyjne w Europie i stworzyli\u015bmy struktury, kt\u00f3re umo\u017cliwiaj\u0105 blisko\u015b\u0107, kontrol\u0119 i osobist\u0105 opiek\u0119 \u2013 ponad granicami pa\u0144stw.<\/p>\n<blockquote>\n<p>Rozw\u00f3j Poprzez Odpowiedzialno\u015b\u0107<\/p>\n<\/blockquote>\n<p>Rozbudowa naszych w\u0142asnych zak\u0142ad\u00f3w produkcyjnych, integracja logistyki, finansowania i w\u0142asnego centrum rozwoju by\u0142y dla nas konsekwentnymi krokami na tej drodze. Dzi\u015b jeste\u015bmy w stanie zaoferowa\u0107 naszym klientom rozwi\u0105zania produkcyjne pod klucz z jednej r\u0119ki \u2013 od pierwszego pomys\u0142u do dostawy do danego centrum dystrybucji. <\/p>\n<p>Tym, co nam zawsze towarzyszy\u0142o, jest ambicja, aby bra\u0107 odpowiedzialno\u015b\u0107: za jako\u015b\u0107, za procesy, za terminy \u2013 i za sukces naszych partner\u00f3w.<\/p>\n<blockquote>\n<p>Dzi\u015b i w Przysz\u0142o\u015bci<\/p>\n<\/blockquote>\n<p>Dzi\u015b obs\u0142ugujemy stale rosn\u0105c\u0105 mi\u0119dzynarodow\u0105 baz\u0119 klient\u00f3w i postrzegamy siebie jako d\u0142ugoterminowego partnera dla marek, handlowc\u00f3w i przedsi\u0119biorstw na ca\u0142ym \u015bwiecie. Nasza historia jest naznaczona rozwojem, zaufaniem i ci\u0105g\u0142\u0105 ch\u0119ci\u0105 kwestionowania i ponownego przemy\u015blenia tego, co ju\u017c istnieje. <\/p>\n<p>I nie jest jeszcze zako\u0144czona.<\/p>\n<p>[\/et_pb_text][tmdivi_timeline story_spacing_top=&#8221;20px&#8221; timeline_color=&#8221;#FFFFFF&#8221; timeline_fill_setting=&#8221;off&#8221; icon_background_color=&#8221;#FF6600&#8243; label_font=&#8221;Arial|600|||||||&#8221; label_font_color=&#8221;#FF6600&#8243; sub_label_font=&#8221;Arial|||on|||||&#8221; sub_label_font_color=&#8221;rgba(0,0,0,0.6)&#8221; year_label_font=&#8221;Arial|700||on|||||&#8221; year_label_font_color=&#8221;#FF6600&#8243; year_label_bg_color=&#8221;#FFFFFF&#8221; heading_font_color=&#8221;#FF6600&#8243; description_text_size=&#8221;18px&#8221; _builder_version=&#8221;4.27.5&#8243; _module_preset=&#8221;default&#8221; heading_settings_font=&#8221;Arial|700||on|||||&#8221; description_settings_font=&#8221;Arial||||||||&#8221; module_alignment=&#8221;center&#8221; hover_transition_speed_curve=&#8221;ease-in-out&#8221; hover_enabled=&#8221;0&#8243; border_radii_story_settings=&#8221;on|5px|5px|5px|5px&#8221; global_colors_info=&#8221;{}&#8221; sticky_enabled=&#8221;0&#8243;][tmdivi_timeline_story show_label=&#8221;on&#8221; label_text=&#8221;1992&#8243; label_date=&#8221;1992&#8243; sub_label=&#8221;Establishment&#8221; story_title=&#8221;Establishment&#8221; _builder_version=&#8221;4.27.5&#8243; _module_preset=&#8221;default&#8221; global_colors_info=&#8221;{}&#8221;]<\/p>\n<p>Polaris Austria<\/p>\n<p>[\/tmdivi_timeline_story][tmdivi_timeline_story show_label=&#8221;off&#8221; label_date=&#8221;1993&#8243; sub_label=&#8221;Expanded&#8221; story_title=&#8221;Expanded&#8221; _builder_version=&#8221;4.27.5&#8243; _module_preset=&#8221;default&#8221; global_colors_info=&#8221;{}&#8221;]<\/p>\n<p>Polaris Poland<\/p>\n<p>[\/tmdivi_timeline_story][tmdivi_timeline_story label_date=&#8221;1993&#8243; sub_label=&#8221;Expanded&#8221; story_title=&#8221;Expanded&#8221; _builder_version=&#8221;4.27.5&#8243; _module_preset=&#8221;default&#8221; global_colors_info=&#8221;{}&#8221;]<\/p>\n<p>Polaris USA<\/p>\n<p>[\/tmdivi_timeline_story][tmdivi_timeline_story label_date=&#8221;1993&#8243; sub_label=&#8221;Expanded&#8221; story_title=&#8221;Expanded&#8221; _builder_version=&#8221;4.27.5&#8243; _module_preset=&#8221;default&#8221; global_colors_info=&#8221;{}&#8221;]<\/p>\n<p>Polaris Canada<\/p>\n<p>[\/tmdivi_timeline_story][tmdivi_timeline_story show_label=&#8221;off&#8221; label_date=&#8221;1995&#8243; sub_label=&#8221;Expanded&#8221; story_title=&#8221;Expanded&#8221; _builder_version=&#8221;4.27.5&#8243; _module_preset=&#8221;default&#8221; global_colors_info=&#8221;{}&#8221;]<\/p>\n<p>Polaris Office Germany<\/p>\n<p>[\/tmdivi_timeline_story][tmdivi_timeline_story show_label=&#8221;off&#8221; label_date=&#8221;1998&#8243; sub_label=&#8221;Expanded&#8221; story_title=&#8221;Expanded&#8221; _builder_version=&#8221;4.27.5&#8243; _module_preset=&#8221;default&#8221; global_colors_info=&#8221;{}&#8221;]<\/p>\n<p>Polaris Office Ukraine<\/p>\n<p>[\/tmdivi_timeline_story][tmdivi_timeline_story show_label=&#8221;off&#8221; label_date=&#8221;2005&#8243; sub_label=&#8221;Expanded&#8221; story_title=&#8221;Expanded&#8221; _builder_version=&#8221;4.27.5&#8243; _module_preset=&#8221;default&#8221; global_colors_info=&#8221;{}&#8221;]<\/p>\n<p>Polaris Office Vietnam<\/p>\n<p>[\/tmdivi_timeline_story][tmdivi_timeline_story show_label=&#8221;off&#8221; label_date=&#8221;2005&#8243; sub_label=&#8221;Expanded&#8221; story_title=&#8221;Expanded&#8221; _builder_version=&#8221;4.27.5&#8243; _module_preset=&#8221;default&#8221; global_colors_info=&#8221;{}&#8221;]<\/p>\n<p>Polaris France<\/p>\n<p>[\/tmdivi_timeline_story][tmdivi_timeline_story show_label=&#8221;off&#8221; label_date=&#8221;2009&#8243; sub_label=&#8221;Expanded&#8221; story_title=&#8221;Expanded&#8221; _builder_version=&#8221;4.27.5&#8243; _module_preset=&#8221;default&#8221; global_colors_info=&#8221;{}&#8221;]<\/p>\n<p>Polaris Bangladesh<\/p>\n<p>[\/tmdivi_timeline_story][tmdivi_timeline_story show_label=&#8221;off&#8221; label_date=&#8221;2009&#8243; sub_label=&#8221;Expanded&#8221; story_title=&#8221;Expanded&#8221; _builder_version=&#8221;4.27.5&#8243; _module_preset=&#8221;default&#8221; global_colors_info=&#8221;{}&#8221;]<\/p>\n<p>Polaris Italy<\/p>\n<p>[\/tmdivi_timeline_story][tmdivi_timeline_story _builder_version=&#8221;4.27.5&#8243; _module_preset=&#8221;default&#8221;][\/tmdivi_timeline_story][\/tmdivi_timeline][\/et_pb_column][\/et_pb_row][\/et_pb_section]<\/p>\n","protected":false},"excerpt":{"rendered":"<p>TRZY Dekady Doskona\u0142o\u015bci w Produkcji Odzie\u017cyNap\u0119dzani Jako\u015bci\u0105.Zbudowani na Zaufaniu.Od ponad trzydziestu lat dzia\u0142amy w sercu mi\u0119dzynarodowej bran\u017cy odzie\u017cowej. Tym, co nas nap\u0119dza, nie jest jedynie produkcja odzie\u017cy \u2013 to pasja do jako\u015bci, precyzji i idealnego po\u0142\u0105czenia designu, rzemios\u0142a, technologii i terminowo\u015bci. Jako\u015b\u0107 to Nie Krok \u2013 to Spos\u00f3b My\u015blenia Jako\u015b\u0107 dla nas nie zaczyna si\u0119 [&hellip;]<\/p>\n","protected":false},"author":1,"featured_media":0,"parent":0,"menu_order":0,"comment_status":"closed","ping_status":"closed","template":"","meta":{"_et_pb_use_builder":"on","_et_pb_old_content":"","_et_gb_content_width":"","footnotes":""},"class_list":["post-593","page","type-page","status-publish","hentry"],"_links":{"self":[{"href":"https:\/\/polarisfamily.com\/pl\/wp-json\/wp\/v2\/pages\/593","targetHints":{"allow":["GET"]}}],"collection":[{"href":"https:\/\/polarisfamily.com\/pl\/wp-json\/wp\/v2\/pages"}],"about":[{"href":"https:\/\/polarisfamily.com\/pl\/wp-json\/wp\/v2\/types\/page"}],"author":[{"embeddable":true,"href":"https:\/\/polarisfamily.com\/pl\/wp-json\/wp\/v2\/users\/1"}],"replies":[{"embeddable":true,"href":"https:\/\/polarisfamily.com\/pl\/wp-json\/wp\/v2\/comments?post=593"}],"version-history":[{"count":1,"href":"https:\/\/polarisfamily.com\/pl\/wp-json\/wp\/v2\/pages\/593\/revisions"}],"predecessor-version":[{"id":597,"href":"https:\/\/polarisfamily.com\/pl\/wp-json\/wp\/v2\/pages\/593\/revisions\/597"}],"wp:attachment":[{"href":"https:\/\/polarisfamily.com\/pl\/wp-json\/wp\/v2\/media?parent=593"}],"curies":[{"name":"wp","href":"https:\/\/api.w.org\/{rel}","templated":true}]}}