{"id":445,"date":"2025-12-08T11:10:17","date_gmt":"2025-12-08T11:10:17","guid":{"rendered":"https:\/\/polaris.mandego.de\/kontakt\/"},"modified":"2025-12-18T07:58:41","modified_gmt":"2025-12-18T07:58:41","slug":"kontakt","status":"publish","type":"page","link":"https:\/\/polarisfamily.com\/pl\/kontakt\/","title":{"rendered":"Kontakt"},"content":{"rendered":"<p>[et_pb_section fb_built=&#8221;1&#8243; fullwidth=&#8221;on&#8221; _builder_version=&#8221;4.27.5&#8243; _module_preset=&#8221;default&#8221; use_background_color_gradient=&#8221;on&#8221; background_color_gradient_direction=&#8221;101deg&#8221; background_color_gradient_stops=&#8221;#ff6600 27%|rgba(255,102,0,0.22) 100%&#8221; background_color_gradient_overlays_image=&#8221;on&#8221; background_image=&#8221;https:\/\/polarisfamily.com\/wp-content\/uploads\/2025\/12\/header-image-kontakt.jpg&#8221; background_position=&#8221;top_right&#8221; min_height=&#8221;550px&#8221; min_height_tablet=&#8221;550px&#8221; min_height_phone=&#8221;550px&#8221; min_height_last_edited=&#8221;on|desktop&#8221; custom_margin=&#8221;-160px||||false|false&#8221; global_colors_info=&#8221;{}&#8221;][et_pb_fullwidth_header _builder_version=&#8221;4.27.5&#8243; _module_preset=&#8221;default&#8221; title_font=&#8221;Arial|||on|||||&#8221; title_font_size=&#8221;60px&#8221; title_letter_spacing=&#8221;-0.04em&#8221; title_line_height=&#8221;0.8em&#8221; background_enable_color=&#8221;off&#8221; background_enable_image=&#8221;off&#8221; custom_margin=&#8221;||||false|false&#8221; custom_padding=&#8221;620px||38px||false|false&#8221; animation_style=&#8221;slide&#8221; animation_direction=&#8221;bottom&#8221; animation_intensity_slide=&#8221;5%&#8221; hover_enabled=&#8221;0&#8243; global_colors_info=&#8221;{}&#8221; sticky_enabled=&#8221;0&#8243;]<\/p>\n<h1>Twoje uporz\u0105dkowane i<br \/><strong>profesjonalne partnerstwo<br \/><\/strong>zaczyna si\u0119 tutaj.<\/h1>\n<p>[\/et_pb_fullwidth_header][\/et_pb_section][et_pb_section fb_built=&#8221;1&#8243; _builder_version=&#8221;4.27.4&#8243; _module_preset=&#8221;default&#8221; custom_padding=&#8221;44px||104px|||&#8221; global_colors_info=&#8221;{}&#8221;][et_pb_row _builder_version=&#8221;4.27.4&#8243; _module_preset=&#8221;default&#8221; custom_margin=&#8221;0px||||false|false&#8221; global_colors_info=&#8221;{}&#8221;][et_pb_column type=&#8221;4_4&#8243; _builder_version=&#8221;4.27.4&#8243; _module_preset=&#8221;default&#8221; global_colors_info=&#8221;{}&#8221;][et_pb_text _builder_version=&#8221;4.27.4&#8243; _module_preset=&#8221;default&#8221; text_font=&#8221;Arial||||||||&#8221; text_font_size=&#8221;20px&#8221; text_letter_spacing=&#8221;0.01em&#8221; text_line_height=&#8221;1.6em&#8221; header_font=&#8221;Arial|700|||||||&#8221; header_2_font=&#8221;Arial|300|||||||&#8221; header_2_text_color=&#8221;#ff6600&#8243; header_2_font_size=&#8221;50px&#8221; header_2_letter_spacing=&#8221;-0.03em&#8221; header_2_line_height=&#8221;0.9em&#8221; global_colors_info=&#8221;{}&#8221;]<\/p>\n<h2>Kontakt<\/h2>\n<p>[\/et_pb_text][et_pb_text _builder_version=&#8221;4.27.4&#8243; _module_preset=&#8221;default&#8221; text_font=&#8221;Arial||||||||&#8221; text_font_size=&#8221;20px&#8221; text_letter_spacing=&#8221;0.01em&#8221; header_font=&#8221;Arial|700|||||||&#8221; header_3_font=&#8221;Arial||||||||&#8221; header_3_font_size=&#8221;25px&#8221; header_3_line_height=&#8221;1.2em&#8221; max_width=&#8221;67%&#8221; custom_margin=&#8221;||5px||false|false&#8221; global_colors_info=&#8221;{}&#8221;]<\/p>\n<h3>Od pierwszego pomys\u0142u po konkretne zapytanie produkcyjne \u2013 towarzyszymy Pa\u0144stwu w spos\u00f3b uporz\u0105dkowany, transparentny i niezawodny od planowania po realizacj\u0119.<\/h3>\n<p>[\/et_pb_text][et_pb_contact_form _builder_version=&#8221;4.27.5&#8243; _module_preset=&#8221;default&#8221; _unique_id=&#8221;53a8b442-cd7d-477e-ba84-c6e54847042c&#8221; custom_button=&#8221;on&#8221; button_text_color=&#8221;#FFFFFF&#8221; button_bg_color=&#8221;#FF6600&#8243; button_border_width=&#8221;0px&#8221; button_border_radius=&#8221;5px&#8221; button_letter_spacing=&#8221;0.05em&#8221; button_font=&#8221;Arial|700||on|||||&#8221; button_icon=&#8221;&#xf054;||fa||900&#8243; global_colors_info=&#8221;{}&#8221;][et_pb_contact_field field_id=&#8221;Name&#8221; field_title=&#8221;Imi\u0119 i nazwisko&#8221; _builder_version=&#8221;4.16&#8243; global_colors_info=&#8221;{}&#8221; button_text_size__hover_enabled=&#8221;off&#8221; button_one_text_size__hover_enabled=&#8221;off&#8221; button_two_text_size__hover_enabled=&#8221;off&#8221; button_text_color__hover_enabled=&#8221;off&#8221; button_one_text_color__hover_enabled=&#8221;off&#8221; button_two_text_color__hover_enabled=&#8221;off&#8221; button_border_width__hover_enabled=&#8221;off&#8221; button_one_border_width__hover_enabled=&#8221;off&#8221; button_two_border_width__hover_enabled=&#8221;off&#8221; button_border_color__hover_enabled=&#8221;off&#8221; button_one_border_color__hover_enabled=&#8221;off&#8221; button_two_border_color__hover_enabled=&#8221;off&#8221; button_border_radius__hover_enabled=&#8221;off&#8221; button_one_border_radius__hover_enabled=&#8221;off&#8221; button_two_border_radius__hover_enabled=&#8221;off&#8221; button_letter_spacing__hover_enabled=&#8221;off&#8221; button_one_letter_spacing__hover_enabled=&#8221;off&#8221; button_two_letter_spacing__hover_enabled=&#8221;off&#8221; button_bg_color__hover_enabled=&#8221;off&#8221; button_one_bg_color__hover_enabled=&#8221;off&#8221; button_two_bg_color__hover_enabled=&#8221;off&#8221;][\/et_pb_contact_field][et_pb_contact_field field_id=&#8221;Unternehmen&#8221; field_title=&#8221;Firma&#8221; _builder_version=&#8221;4.27.5&#8243; global_colors_info=&#8221;{}&#8221; button_text_size__hover_enabled=&#8221;off&#8221; button_one_text_size__hover_enabled=&#8221;off&#8221; button_two_text_size__hover_enabled=&#8221;off&#8221; button_text_color__hover_enabled=&#8221;off&#8221; button_one_text_color__hover_enabled=&#8221;off&#8221; button_two_text_color__hover_enabled=&#8221;off&#8221; button_border_width__hover_enabled=&#8221;off&#8221; button_one_border_width__hover_enabled=&#8221;off&#8221; button_two_border_width__hover_enabled=&#8221;off&#8221; button_border_color__hover_enabled=&#8221;off&#8221; button_one_border_color__hover_enabled=&#8221;off&#8221; button_two_border_color__hover_enabled=&#8221;off&#8221; button_border_radius__hover_enabled=&#8221;off&#8221; button_one_border_radius__hover_enabled=&#8221;off&#8221; button_two_border_radius__hover_enabled=&#8221;off&#8221; button_letter_spacing__hover_enabled=&#8221;off&#8221; button_one_letter_spacing__hover_enabled=&#8221;off&#8221; button_two_letter_spacing__hover_enabled=&#8221;off&#8221; button_bg_color__hover_enabled=&#8221;off&#8221; button_one_bg_color__hover_enabled=&#8221;off&#8221; button_two_bg_color__hover_enabled=&#8221;off&#8221;][\/et_pb_contact_field][et_pb_contact_field field_id=&#8221;Email&#8221; field_title=&#8221;Adres e-mail&#8221; field_type=&#8221;email&#8221; _builder_version=&#8221;4.16&#8243; global_colors_info=&#8221;{}&#8221; button_text_size__hover_enabled=&#8221;off&#8221; button_one_text_size__hover_enabled=&#8221;off&#8221; button_two_text_size__hover_enabled=&#8221;off&#8221; button_text_color__hover_enabled=&#8221;off&#8221; button_one_text_color__hover_enabled=&#8221;off&#8221; button_two_text_color__hover_enabled=&#8221;off&#8221; button_border_width__hover_enabled=&#8221;off&#8221; button_one_border_width__hover_enabled=&#8221;off&#8221; button_two_border_width__hover_enabled=&#8221;off&#8221; button_border_color__hover_enabled=&#8221;off&#8221; button_one_border_color__hover_enabled=&#8221;off&#8221; button_two_border_color__hover_enabled=&#8221;off&#8221; button_border_radius__hover_enabled=&#8221;off&#8221; button_one_border_radius__hover_enabled=&#8221;off&#8221; button_two_border_radius__hover_enabled=&#8221;off&#8221; button_letter_spacing__hover_enabled=&#8221;off&#8221; button_one_letter_spacing__hover_enabled=&#8221;off&#8221; button_two_letter_spacing__hover_enabled=&#8221;off&#8221; button_bg_color__hover_enabled=&#8221;off&#8221; button_one_bg_color__hover_enabled=&#8221;off&#8221; button_two_bg_color__hover_enabled=&#8221;off&#8221;][\/et_pb_contact_field][et_pb_contact_field field_id=&#8221;Telefon&#8221; field_title=&#8221;Telefon&#8221; allowed_symbols=&#8221;alphanumeric&#8221; _builder_version=&#8221;4.27.5&#8243; global_colors_info=&#8221;{}&#8221; button_text_size__hover_enabled=&#8221;off&#8221; button_one_text_size__hover_enabled=&#8221;off&#8221; button_two_text_size__hover_enabled=&#8221;off&#8221; button_text_color__hover_enabled=&#8221;off&#8221; button_one_text_color__hover_enabled=&#8221;off&#8221; button_two_text_color__hover_enabled=&#8221;off&#8221; button_border_width__hover_enabled=&#8221;off&#8221; button_one_border_width__hover_enabled=&#8221;off&#8221; button_two_border_width__hover_enabled=&#8221;off&#8221; button_border_color__hover_enabled=&#8221;off&#8221; button_one_border_color__hover_enabled=&#8221;off&#8221; button_two_border_color__hover_enabled=&#8221;off&#8221; button_border_radius__hover_enabled=&#8221;off&#8221; button_one_border_radius__hover_enabled=&#8221;off&#8221; button_two_border_radius__hover_enabled=&#8221;off&#8221; button_letter_spacing__hover_enabled=&#8221;off&#8221; button_one_letter_spacing__hover_enabled=&#8221;off&#8221; button_two_letter_spacing__hover_enabled=&#8221;off&#8221; button_bg_color__hover_enabled=&#8221;off&#8221; button_one_bg_color__hover_enabled=&#8221;off&#8221; button_two_bg_color__hover_enabled=&#8221;off&#8221;][\/et_pb_contact_field][et_pb_contact_field field_id=&#8221;Message&#8221; field_title=&#8221;Wiadomo\u015b\u0107&#8221; field_type=&#8221;text&#8221; fullwidth_field=&#8221;on&#8221; _builder_version=&#8221;4.16&#8243; global_colors_info=&#8221;{}&#8221; button_text_size__hover_enabled=&#8221;off&#8221; button_one_text_size__hover_enabled=&#8221;off&#8221; button_two_text_size__hover_enabled=&#8221;off&#8221; button_text_color__hover_enabled=&#8221;off&#8221; button_one_text_color__hover_enabled=&#8221;off&#8221; button_two_text_color__hover_enabled=&#8221;off&#8221; button_border_width__hover_enabled=&#8221;off&#8221; button_one_border_width__hover_enabled=&#8221;off&#8221; button_two_border_width__hover_enabled=&#8221;off&#8221; button_border_color__hover_enabled=&#8221;off&#8221; button_one_border_color__hover_enabled=&#8221;off&#8221; button_two_border_color__hover_enabled=&#8221;off&#8221; button_border_radius__hover_enabled=&#8221;off&#8221; button_one_border_radius__hover_enabled=&#8221;off&#8221; button_two_border_radius__hover_enabled=&#8221;off&#8221; button_letter_spacing__hover_enabled=&#8221;off&#8221; button_one_letter_spacing__hover_enabled=&#8221;off&#8221; button_two_letter_spacing__hover_enabled=&#8221;off&#8221; button_bg_color__hover_enabled=&#8221;off&#8221; button_one_bg_color__hover_enabled=&#8221;off&#8221; button_two_bg_color__hover_enabled=&#8221;off&#8221;][\/et_pb_contact_field][\/et_pb_contact_form][\/et_pb_column][\/et_pb_row][\/et_pb_section][et_pb_section fb_built=&#8221;1&#8243; _builder_version=&#8221;4.27.4&#8243; _module_preset=&#8221;default&#8221; background_color=&#8221;#cccccc&#8221; custom_padding=&#8221;117px||104px|||&#8221; global_colors_info=&#8221;{}&#8221;][et_pb_row _builder_version=&#8221;4.27.4&#8243; _module_preset=&#8221;default&#8221; custom_padding=&#8221;||6px|||&#8221; global_colors_info=&#8221;{}&#8221;][et_pb_column type=&#8221;4_4&#8243; _builder_version=&#8221;4.27.4&#8243; _module_preset=&#8221;default&#8221; global_colors_info=&#8221;{}&#8221;][et_pb_text _builder_version=&#8221;4.27.4&#8243; _module_preset=&#8221;default&#8221; text_font=&#8221;Arial||||||||&#8221; text_font_size=&#8221;20px&#8221; text_letter_spacing=&#8221;0.01em&#8221; text_line_height=&#8221;1.6em&#8221; header_font=&#8221;Arial|700|||||||&#8221; header_2_font=&#8221;Arial|300|||||||&#8221; header_2_text_color=&#8221;#ff6600&#8243; header_2_font_size=&#8221;50px&#8221; header_2_letter_spacing=&#8221;-0.03em&#8221; header_2_line_height=&#8221;0.9em&#8221; global_colors_info=&#8221;{}&#8221;]<\/p>\n<h2>Bezpo\u015bredni<br \/><strong>kontakt<\/strong><\/h2>\n<p>[\/et_pb_text][et_pb_text _builder_version=&#8221;4.27.5&#8243; _module_preset=&#8221;default&#8221; text_font=&#8221;Arial||||||||&#8221; text_font_size=&#8221;20px&#8221; text_letter_spacing=&#8221;0.01em&#8221; header_font=&#8221;Arial|700|||||||&#8221; header_3_font=&#8221;Arial||||||||&#8221; header_3_font_size=&#8221;25px&#8221; header_3_line_height=&#8221;1.2em&#8221; custom_margin=&#8221;||5px||false|false&#8221; global_colors_info=&#8221;{}&#8221;]<\/p>\n<h3>Prosimy o bezpo\u015bredni kontakt z naszym zespo\u0142em \u2013 jeste\u015bmy do Pa\u0144stwa dyspozycji w przypadku pyta\u0144 dotycz\u0105cych Pa\u0144stwa projektu.<\/h3>\n<p>[\/et_pb_text][\/et_pb_column][\/et_pb_row][et_pb_row column_structure=&#8221;1_2,1_2&#8243; _builder_version=&#8221;4.27.5&#8243; _module_preset=&#8221;default&#8221; border_radii=&#8221;on|36px|36px|36px|36px&#8221; global_colors_info=&#8221;{}&#8221;][et_pb_column type=&#8221;1_2&#8243; _builder_version=&#8221;4.27.4&#8243; _module_preset=&#8221;default&#8221; global_colors_info=&#8221;{}&#8221;][et_pb_text _builder_version=&#8221;4.27.5&#8243; _module_preset=&#8221;default&#8221; text_font=&#8221;Arial||||||||&#8221; text_text_color=&#8221;#000000&#8243; text_font_size=&#8221;20px&#8221; text_letter_spacing=&#8221;0.01em&#8221; header_font=&#8221;Arial|700|||||||&#8221; header_3_font=&#8221;Arial||||||||&#8221; header_3_font_size=&#8221;25px&#8221; header_3_line_height=&#8221;1.2em&#8221; custom_margin=&#8221;||||false|false&#8221; global_colors_info=&#8221;{}&#8221;]<\/p>\n<p><strong>Polaris Handelsgesellschaft m.b.H.<\/strong><\/p>\n<p>Landstrasser Hauptstrasse 146-148\/16\/B2<br \/>A-1030 Wiede\u0144 \/ Austria<br \/><strong>Telefon:<\/strong> +43 (0)1 7105133-0<br \/><strong>Faks:<\/strong> +43 (0)1 7105133-33<br \/><strong>E-mail:<\/strong> officevienna@polarisfamily.com<\/p>\n<p><strong>UID:<\/strong> ATU38327903<\/p>\n<p>[\/et_pb_text][et_pb_button button_url=&#8221;@ET-DC@eyJkeW5hbWljIjp0cnVlLCJjb250ZW50IjoicG9zdF9saW5rX3VybF9wYWdlIiwic2V0dGluZ3MiOnsicG9zdF9pZCI6IjMzNCJ9fQ==@&#8221; button_text=&#8221;Nasze lokalizacje&#8221; button_alignment=&#8221;left&#8221; button_text_tablet=&#8221;Lokalizacje&#8221; button_text_phone=&#8221;Lokalizacje&#8221; button_text_last_edited=&#8221;on|phone&#8221; button_alignment_tablet=&#8221;left&#8221; button_alignment_phone=&#8221;left&#8221; button_alignment_last_edited=&#8221;on|tablet&#8221; _builder_version=&#8221;4.27.5&#8243; _dynamic_attributes=&#8221;button_url&#8221; _module_preset=&#8221;default&#8221; custom_button=&#8221;on&#8221; button_text_size=&#8221;18px&#8221; button_text_color=&#8221;#969696&#8243; button_bg_color=&#8221;#dbdbdb&#8221; button_border_width=&#8221;0px&#8221; button_letter_spacing=&#8221;0.08em&#8221; button_font=&#8221;Arial|800||on|||||&#8221; button_icon=&#8221;&#xf105;||fa||900&#8243; locked=&#8221;off&#8221; global_colors_info=&#8221;{}&#8221; button_letter_spacing__hover_enabled=&#8221;on|desktop&#8221; button_letter_spacing__hover=&#8221;0.05em&#8221; button_bg_color__hover_enabled=&#8221;on|hover&#8221; button_bg_color__hover=&#8221;#000000&#8243; button_bg_enable_color__hover=&#8221;on&#8221; button_text_color__hover_enabled=&#8221;on|hover&#8221; button_text_color__hover=&#8221;#FFFFFF&#8221;][\/et_pb_button][\/et_pb_column][et_pb_column type=&#8221;1_2&#8243; _builder_version=&#8221;4.27.5&#8243; _module_preset=&#8221;default&#8221; global_colors_info=&#8221;{}&#8221;][et_pb_code _builder_version=&#8221;4.27.5&#8243; _module_preset=&#8221;default&#8221; global_colors_info=&#8221;{}&#8221;]<iframe src=\"https:\/\/www.google.com\/maps\/embed?pb=!1m18!1m12!1m3!1d717.6047179793227!2d16.397581279192813!3d48.193214886486736!2m3!1f0!2f0!3f0!3m2!1i1024!2i768!4f13.1!3m3!1m2!1s0x476d07737fb2d7e3%3A0xdc89bf5832896893!2sPolaris%20Handelsgesellschaft%20m.b.H.!5e0!3m2!1sde!2sde!4v1765194538796!5m2!1sde!2sde\" width=\"600\" height=\"250\" style=\"border:0;\" allowfullscreen=\"\" loading=\"lazy\" referrerpolicy=\"no-referrer-when-downgrade\"><\/iframe>[\/et_pb_code][\/et_pb_column][\/et_pb_row][\/et_pb_section]<\/p>\n","protected":false},"excerpt":{"rendered":"<p>Twoje uporz\u0105dkowane iprofesjonalne partnerstwozaczyna si\u0119 tutaj.KontaktOd pierwszego pomys\u0142u po konkretne zapytanie produkcyjne \u2013 towarzyszymy Pa\u0144stwu w spos\u00f3b uporz\u0105dkowany, transparentny i niezawodny od planowania po realizacj\u0119.Bezpo\u015brednikontaktProsimy o bezpo\u015bredni kontakt z naszym zespo\u0142em \u2013 jeste\u015bmy do Pa\u0144stwa dyspozycji w przypadku pyta\u0144 dotycz\u0105cych Pa\u0144stwa projektu.Polaris Handelsgesellschaft m.b.H. Landstrasser Hauptstrasse 146-148\/16\/B2A-1030 Wiede\u0144 \/ AustriaTelefon: +43 (0)1 7105133-0Faks: +43 (0)1 [&hellip;]<\/p>\n","protected":false},"author":1,"featured_media":0,"parent":0,"menu_order":0,"comment_status":"closed","ping_status":"closed","template":"","meta":{"_et_pb_use_builder":"on","_et_pb_old_content":"","_et_gb_content_width":"","footnotes":""},"class_list":["post-445","page","type-page","status-publish","hentry"],"_links":{"self":[{"href":"https:\/\/polarisfamily.com\/pl\/wp-json\/wp\/v2\/pages\/445","targetHints":{"allow":["GET"]}}],"collection":[{"href":"https:\/\/polarisfamily.com\/pl\/wp-json\/wp\/v2\/pages"}],"about":[{"href":"https:\/\/polarisfamily.com\/pl\/wp-json\/wp\/v2\/types\/page"}],"author":[{"embeddable":true,"href":"https:\/\/polarisfamily.com\/pl\/wp-json\/wp\/v2\/users\/1"}],"replies":[{"embeddable":true,"href":"https:\/\/polarisfamily.com\/pl\/wp-json\/wp\/v2\/comments?post=445"}],"version-history":[{"count":4,"href":"https:\/\/polarisfamily.com\/pl\/wp-json\/wp\/v2\/pages\/445\/revisions"}],"predecessor-version":[{"id":453,"href":"https:\/\/polarisfamily.com\/pl\/wp-json\/wp\/v2\/pages\/445\/revisions\/453"}],"wp:attachment":[{"href":"https:\/\/polarisfamily.com\/pl\/wp-json\/wp\/v2\/media?parent=445"}],"curies":[{"name":"wp","href":"https:\/\/api.w.org\/{rel}","templated":true}]}}