{"id":442,"date":"2025-12-08T11:02:15","date_gmt":"2025-12-08T11:02:15","guid":{"rendered":"https:\/\/polaris.mandego.de\/stopka-redakcyjna\/"},"modified":"2026-01-27T13:03:26","modified_gmt":"2026-01-27T13:03:26","slug":"stopka-redakcyjna","status":"publish","type":"page","link":"https:\/\/polarisfamily.com\/pl\/stopka-redakcyjna\/","title":{"rendered":"Stopka redakcyjna"},"content":{"rendered":"<p>[et_pb_section fb_built=&#8221;1&#8243; _builder_version=&#8221;4.27.4&#8243; _module_preset=&#8221;default&#8221; custom_padding=&#8221;117px||104px|||&#8221; global_colors_info=&#8221;{}&#8221;][et_pb_row _builder_version=&#8221;4.27.5&#8243; _module_preset=&#8221;default&#8221; custom_margin=&#8221;150px||||false|false&#8221; global_colors_info=&#8221;{}&#8221;][et_pb_column type=&#8221;4_4&#8243; _builder_version=&#8221;4.27.4&#8243; _module_preset=&#8221;default&#8221; global_colors_info=&#8221;{}&#8221;][et_pb_text _builder_version=&#8221;4.27.4&#8243; _module_preset=&#8221;default&#8221; text_font=&#8221;Arial||||||||&#8221; text_font_size=&#8221;20px&#8221; text_letter_spacing=&#8221;0.01em&#8221; text_line_height=&#8221;1.6em&#8221; header_font=&#8221;Arial|700|||||||&#8221; header_2_font=&#8221;Arial|300|||||||&#8221; header_2_text_color=&#8221;#ff6600&#8243; header_2_font_size=&#8221;50px&#8221; header_2_letter_spacing=&#8221;-0.03em&#8221; header_2_line_height=&#8221;0.9em&#8221; global_colors_info=&#8221;{}&#8221;]<\/p>\n<h2>Stopka redakcyjna<\/h2>\n<p>[\/et_pb_text][et_pb_text _builder_version=&#8221;4.27.5&#8243; _module_preset=&#8221;default&#8221; text_font=&#8221;Arial||||||||&#8221; text_font_size=&#8221;20px&#8221; text_letter_spacing=&#8221;0.01em&#8221; link_text_color=&#8221;#FF6600&#8243; header_font=&#8221;Arial|700|||||||&#8221; header_3_font=&#8221;Arial||||||||&#8221; header_3_font_size=&#8221;25px&#8221; header_3_line_height=&#8221;1.2em&#8221; custom_margin=&#8221;||5px||false|false&#8221; global_colors_info=&#8221;{}&#8221;]<\/p>\n<p>Obowi\u0105zek informacyjny zgodnie z \u00a75 ustawy o handlu elektronicznym, \u00a714 kodeksu sp\u00f3\u0142ek handlowych, \u00a763 kodeksu dzia\u0142alno\u015bci gospodarczej oraz obowi\u0105zek ujawniania informacji zgodnie z \u00a725 ustawy o mediach.<\/p>\n<p>Polaris Handelsgesellschaft m.b.H.<br \/>Landstra\u00dfer Hauptstra\u00dfe 146-148\/16\/B2<br \/>1030 Wiede\u0144<\/p>\n<p>W\u0142a\u015bciciel: Richard Slomka<br \/>Przedmiot dzia\u0142alno\u015bci: Handel hurtowy odzie\u017c\u0105 i tekstyliami.<br \/>Numer identyfikacyjny VAT: ATU38327903<br \/>Numer w rejestrze handlowym: FN 125371w<br \/>S\u0105d rejestrowy: S\u0105d Gospodarczy w Wiedniu<br \/>Siedziba firmy: 1030 Wiede\u0144<br \/>Cz\u0142onek: WKO<\/p>\n<h2>Dane kontaktowe<\/h2>\n<p>Landstra\u00dfer Hauptstra\u00dfe 146-148\/16\/B2, 1030 Wiede\u0144, Austria<br \/>Tel.: +43 (0) 1710 51 33 &#8211; 0<br \/>Faks: +43 (0) 1710 51 33 &#8211; 33<br \/>E-mail: <a href=\"mailto:officeaustria@polarisfamily.com\">officeaustria@polarisfamily.com<\/a><\/p>\n<h2>Informacje dotycz\u0105ce internetowego systemu rozstrzygania spor\u00f3w:<\/h2>\n<p>Konsumenci maj\u0105 mo\u017cliwo\u015b\u0107 zg\u0142aszania skarg do platformy internetowego systemu rozstrzygania spor\u00f3w UE: <a href=\"http:\/\/ec.europa.eu\/odr\" target=\"_blank\" rel=\"noopener\">http:\/\/ec.europa.eu\/odr<\/a>. Ewentualne skargi mo\u017cna r\u00f3wnie\u017c kierowa\u0107 na podany powy\u017cej adres e-mail. <\/p>\n<h2>Wy\u0142\u0105czenie odpowiedzialno\u015bci<\/h2>\n<p>Niniejsze wy\u0142\u0105czenie odpowiedzialno\u015bci nale\u017cy traktowa\u0107 jako cz\u0119\u015b\u0107 oferty internetowej, z kt\u00f3rej nast\u0105pi\u0142o przekierowanie do niniejszej strony internetowej. Je\u017celi cz\u0119\u015bci lub poszczeg\u00f3lne sformu\u0142owania niniejszego tekstu nie s\u0105 zgodne, nie s\u0105 ju\u017c zgodne lub nie s\u0105 w pe\u0142ni zgodne z obowi\u0105zuj\u0105cym stanem prawnym, pozosta\u0142e cz\u0119\u015bci dokumentu pozostaj\u0105 nienaruszone pod wzgl\u0119dem tre\u015bci i wa\u017cno\u015bci. <\/p>\n<h2>Odpowiedzialno\u015b\u0107 za tre\u015bci zawarte na tej stronie internetowej<\/h2>\n<p>Tre\u015bci zawarte na tej stronie internetowej zosta\u0142y opracowane z najwy\u017csz\u0105 staranno\u015bci\u0105. Nie ponosimy jednak odpowiedzialno\u015bci za poprawno\u015b\u0107, kompletno\u015b\u0107 i aktualno\u015b\u0107 tych tre\u015bci. Jako dostawca us\u0142ug ponosimy odpowiedzialno\u015b\u0107 za w\u0142asne tre\u015bci zamieszczone na tych stronach zgodnie z og\u00f3lnymi przepisami prawa. Nie jeste\u015bmy jednak zobowi\u0105zani do monitorowania przekazywanych lub przechowywanych informacji pochodz\u0105cych od os\u00f3b trzecich ani do badania okoliczno\u015bci wskazuj\u0105cych na dzia\u0142alno\u015b\u0107 niezgodn\u0105 z prawem. Nie ma to wp\u0142ywu na obowi\u0105zki dotycz\u0105ce usuwania lub blokowania wykorzystania informacji zgodnie z og\u00f3lnymi przepisami prawa. Odpowiedzialno\u015b\u0107 w tym zakresie jest jednak mo\u017cliwa dopiero od momentu uzyskania wiedzy o konkretnym naruszeniu prawa. W przypadku powzi\u0119cia wiadomo\u015bci o takich naruszeniach prawa, tre\u015bci te zostan\u0105 niezw\u0142ocznie usuni\u0119te.      <\/p>\n<h2>Odpowiedzialno\u015b\u0107 za linki na stronach internetowych os\u00f3b trzecich<\/h2>\n<p>Nasza oferta zawiera linki do zewn\u0119trznych stron internetowych. Nie mamy \u017cadnego wp\u0142ywu na tre\u015b\u0107 tych zewn\u0119trznych stron internetowych. Dlatego nie mo\u017cemy ponosi\u0107 odpowiedzialno\u015bci za te tre\u015bci. Za tre\u015b\u0107 stron, do kt\u00f3rych prowadz\u0105 linki, odpowiedzialny jest zawsze odpowiedni dostawca lub operator stron. W momencie umieszczania link\u00f3w strony te zosta\u0142y sprawdzone pod k\u0105tem ewentualnych narusze\u0144 prawa. W momencie umieszczania link\u00f3w nie stwierdzono \u017cadnych tre\u015bci niezgodnych z prawem. Jednak\u017ce sta\u0142a kontrola tre\u015bci stron, do kt\u00f3rych prowadz\u0105 linki, nie jest mo\u017cliwa bez konkretnych przes\u0142anek wskazuj\u0105cych na naruszenie prawa. W przypadku powzi\u0119cia wiadomo\u015bci o naruszeniu prawa natychmiast usuniemy takie linki.       <\/p>\n<h2>prawa autorskie<\/h2>\n<p>Operatorzy tej strony internetowej dok\u0142adaj\u0105 wszelkich stara\u0144, aby zawsze przestrzega\u0107 praw autorskich innych os\u00f3b lub korzysta\u0107 z w\u0142asnych utwor\u00f3w oraz utwor\u00f3w nieobj\u0119tych licencj\u0105. Tre\u015bci i dzie\u0142a zamieszczone na tej stronie internetowej, stworzone przez operator\u00f3w strony, podlegaj\u0105 prawom autorskim. Tre\u015bci pochodz\u0105ce od os\u00f3b trzecich s\u0105 oznaczone jako takie. Powielanie, przetwarzanie, rozpowszechnianie i wszelkiego rodzaju wykorzystywanie poza granicami praw autorskich wymaga pisemnej zgody odpowiedniego autora lub tw\u00f3rcy. Pobieranie i kopiowanie tej strony jest dozwolone wy\u0142\u0105cznie do u\u017cytku prywatnego, niekomercyjnego.    <\/p>\n<h2>O\u015bwiadczenie o ochronie danych osobowych<\/h2>\n<p>Przywi\u0105zujemy du\u017c\u0105 wag\u0119 do ochrony Pa\u0144stwa danych. Aby w pe\u0142ni poinformowa\u0107 Pa\u0144stwa o wykorzystaniu danych osobowych, prosimy o zapoznanie si\u0119 z poni\u017cszymi informacjami dotycz\u0105cymi ochrony danych. <\/p>\n<h2>Dane osobowe<\/h2>\n<p>Dane osobowe przekazywane elektronicznie za po\u015brednictwem tej strony internetowej, takie jak imi\u0119 i nazwisko, adres e-mail, adres lub inne dane osobowe, s\u0105 przez nas wykorzystywane wy\u0142\u0105cznie w podanym celu, bezpiecznie przechowywane i nie s\u0105 przekazywane osobom trzecim. Dostawca us\u0142ug internetowych automatycznie gromadzi i przechowuje na serwerze internetowym informacje, takie jak u\u017cywana przegl\u0105darka, system operacyjny, strona odsy\u0142aj\u0105ca, adres IP, godzina dost\u0119pu itp. Dane te nie mog\u0105 by\u0107 przypisane do konkretnych os\u00f3b bez sprawdzenia innych \u017ar\u00f3de\u0142 danych i nie podlegaj\u0105 dalszej analizie, o ile nie dochodzi do niezgodnego z prawem korzystania z naszej strony internetowej. <\/p>\n<h2>Dane formularza i komentarze<\/h2>\n<p>Gdy odwiedzaj\u0105cy stron\u0119 internetow\u0105 pozostawiaj\u0105 komentarze lub wype\u0142niaj\u0105 formularze, wprowadzone dane i adresy IP s\u0105 zapisywane. Ma to na celu zapewnienie bezpiecze\u0144stwa na wypadek, gdyby kto\u015b opublikowa\u0142 tre\u015bci niezgodne z prawem (obra\u017aliwe, skrajnie lewicowe lub prawicowe, nawo\u0142uj\u0105ce do nienawi\u015bci itp.). W takim przypadku jeste\u015bmy zainteresowani to\u017csamo\u015bci\u0105 autora.  <\/p>\n<h2>Pliki cookie<\/h2>\n<p>Pliki cookie to ma\u0142e pliki, kt\u00f3re umo\u017cliwiaj\u0105 tej stronie internetowej zapisywanie na komputerze odwiedzaj\u0105cego okre\u015blonych informacji dotycz\u0105cych u\u017cytkownika podczas odwiedzania naszej strony internetowej. Pliki cookie pomagaj\u0105 nam okre\u015bli\u0107 cz\u0119stotliwo\u015b\u0107 korzystania i liczb\u0119 u\u017cytkownik\u00f3w naszych stron internetowych, a tak\u017ce dostosowa\u0107 nasze oferty do Pa\u0144stwa potrzeb w spos\u00f3b wygodny i efektywny. Z jednej strony u\u017cywamy plik\u00f3w cookie sesji, kt\u00f3re s\u0105 przechowywane tymczasowo wy\u0142\u0105cznie na czas korzystania z naszej strony internetowej, a z drugiej strony u\u017cywamy sta\u0142ych plik\u00f3w cookie, aby rejestrowa\u0107 informacje o u\u017cytkownikach, kt\u00f3rzy wielokrotnie odwiedzaj\u0105 nasz\u0105 stron\u0119 internetow\u0105. Celem stosowania tych plik\u00f3w cookie jest zapewnienie optymalnej obs\u0142ugi u\u017cytkownika, rozpoznawanie odwiedzaj\u0105cych oraz prezentowanie jak najbardziej atrakcyjnej strony internetowej i interesuj\u0105cych tre\u015bci w przypadku ponownego korzystania z niej. Zawarto\u015b\u0107 sta\u0142ego pliku cookie ogranicza si\u0119 do numeru identyfikacyjnego. Nazwa, adres IP itp. nie s\u0105 zapisywane. Nie tworzy si\u0119 indywidualnego profilu u\u017cytkowania. Korzystanie z naszych ofert jest mo\u017cliwe r\u00f3wnie\u017c bez plik\u00f3w cookie. W przegl\u0105darce mo\u017cna wy\u0142\u0105czy\u0107 zapisywanie plik\u00f3w cookie, ograniczy\u0107 je do okre\u015blonych stron internetowych lub skonfigurowa\u0107 przegl\u0105dark\u0119 internetow\u0105 (Chrome, IE, Firefox itp.) tak, aby powiadamia\u0142a o wys\u0142aniu pliku cookie. Pliki cookie mo\u017cna r\u00f3wnie\u017c w dowolnym momencie usun\u0105\u0107 z dysku twardego komputera. Nale\u017cy jednak pami\u0119ta\u0107, \u017ce w takim przypadku nale\u017cy liczy\u0107 si\u0119 z ograniczonym wy\u015bwietlaniem strony i ograniczon\u0105 obs\u0142ug\u0105 u\u017cytkownika.          <\/p>\n<p>[\/et_pb_text][\/et_pb_column][\/et_pb_row][\/et_pb_section]<\/p>\n","protected":false},"excerpt":{"rendered":"<p>Stopka redakcyjnaObowi\u0105zek informacyjny zgodnie z \u00a75 ustawy o handlu elektronicznym, \u00a714 kodeksu sp\u00f3\u0142ek handlowych, \u00a763 kodeksu dzia\u0142alno\u015bci gospodarczej oraz obowi\u0105zek ujawniania informacji zgodnie z \u00a725 ustawy o mediach. Polaris Handelsgesellschaft m.b.H.Landstra\u00dfer Hauptstra\u00dfe 146-148\/16\/B21030 Wiede\u0144 W\u0142a\u015bciciel: Richard SlomkaPrzedmiot dzia\u0142alno\u015bci: Handel hurtowy odzie\u017c\u0105 i tekstyliami.Numer identyfikacyjny VAT: ATU38327903Numer w rejestrze handlowym: FN 125371wS\u0105d rejestrowy: S\u0105d Gospodarczy w [&hellip;]<\/p>\n","protected":false},"author":1,"featured_media":0,"parent":0,"menu_order":0,"comment_status":"closed","ping_status":"closed","template":"","meta":{"_et_pb_use_builder":"on","_et_pb_old_content":"","_et_gb_content_width":"","footnotes":""},"class_list":["post-442","page","type-page","status-publish","hentry"],"_links":{"self":[{"href":"https:\/\/polarisfamily.com\/pl\/wp-json\/wp\/v2\/pages\/442","targetHints":{"allow":["GET"]}}],"collection":[{"href":"https:\/\/polarisfamily.com\/pl\/wp-json\/wp\/v2\/pages"}],"about":[{"href":"https:\/\/polarisfamily.com\/pl\/wp-json\/wp\/v2\/types\/page"}],"author":[{"embeddable":true,"href":"https:\/\/polarisfamily.com\/pl\/wp-json\/wp\/v2\/users\/1"}],"replies":[{"embeddable":true,"href":"https:\/\/polarisfamily.com\/pl\/wp-json\/wp\/v2\/comments?post=442"}],"version-history":[{"count":3,"href":"https:\/\/polarisfamily.com\/pl\/wp-json\/wp\/v2\/pages\/442\/revisions"}],"predecessor-version":[{"id":602,"href":"https:\/\/polarisfamily.com\/pl\/wp-json\/wp\/v2\/pages\/442\/revisions\/602"}],"wp:attachment":[{"href":"https:\/\/polarisfamily.com\/pl\/wp-json\/wp\/v2\/media?parent=442"}],"curies":[{"name":"wp","href":"https:\/\/api.w.org\/{rel}","templated":true}]}}