{"id":587,"date":"2025-12-08T11:02:15","date_gmt":"2025-12-08T11:02:15","guid":{"rendered":"https:\/\/polarisfamily.com\/mentions-legales\/"},"modified":"2026-01-27T13:00:14","modified_gmt":"2026-01-27T13:00:14","slug":"mentions-legales","status":"publish","type":"page","link":"https:\/\/polarisfamily.com\/fr\/mentions-legales\/","title":{"rendered":"Mentions l\u00e9gales"},"content":{"rendered":"<p>[et_pb_section fb_built=\u00a0\u00bb1&Prime; _builder_version=\u00a0\u00bb4.27.4&Prime; _module_preset=\u00a0\u00bbdefault\u00a0\u00bb custom_padding=\u00a0\u00bb117px||104px|||\u00a0\u00bb global_colors_info=\u00a0\u00bb{}\u00a0\u00bb][et_pb_row _builder_version=\u00a0\u00bb4.27.5&Prime; _module_preset=\u00a0\u00bbdefault\u00a0\u00bb custom_margin=\u00a0\u00bb150px||||false|false\u00a0\u00bb global_colors_info=\u00a0\u00bb{}\u00a0\u00bb][et_pb_column type=\u00a0\u00bb4_4&Prime; _builder_version=\u00a0\u00bb4.27.4&Prime; _module_preset=\u00a0\u00bbdefault\u00a0\u00bb global_colors_info=\u00a0\u00bb{}\u00a0\u00bb][et_pb_text _builder_version=\u00a0\u00bb4.27.4&Prime; _module_preset=\u00a0\u00bbdefault\u00a0\u00bb text_font=\u00a0\u00bbArial||||||||\u00a0\u00bb text_font_size=\u00a0\u00bb20px\u00a0\u00bb text_letter_spacing=\u00a0\u00bb0.01em\u00a0\u00bb text_line_height=\u00a0\u00bb1.6em\u00a0\u00bb header_font=\u00a0\u00bbArial|700|||||||\u00a0\u00bb header_2_font=\u00a0\u00bbArial|300|||||||\u00a0\u00bb header_2_text_color=\u00a0\u00bb#ff6600&Prime; header_2_font_size=\u00a0\u00bb50px\u00a0\u00bb header_2_letter_spacing=\u00a0\u00bb-0.03em\u00a0\u00bb header_2_line_height=\u00a0\u00bb0.9em\u00a0\u00bb global_colors_info=\u00a0\u00bb{}\u00a0\u00bb]<\/p>\n<h2>Mentions l\u00e9gales<\/h2>\n<p>[\/et_pb_text][et_pb_text _builder_version=\u00a0\u00bb4.27.5&Prime; _module_preset=\u00a0\u00bbdefault\u00a0\u00bb text_font=\u00a0\u00bbArial||||||||\u00a0\u00bb text_font_size=\u00a0\u00bb20px\u00a0\u00bb text_letter_spacing=\u00a0\u00bb0.01em\u00a0\u00bb link_text_color=\u00a0\u00bb#FF6600&Prime; header_font=\u00a0\u00bbArial|700|||||||\u00a0\u00bb header_3_font=\u00a0\u00bbArial||||||||\u00a0\u00bb header_3_font_size=\u00a0\u00bb25px\u00a0\u00bb header_3_line_height=\u00a0\u00bb1.2em\u00a0\u00bb custom_margin=\u00a0\u00bb||5px||false|false\u00a0\u00bb global_colors_info=\u00a0\u00bb{}\u00a0\u00bb]<\/p>\n<p>Obligation d&rsquo;information selon \u00a75 de la loi sur le commerce \u00e9lectronique, \u00a714 du code des soci\u00e9t\u00e9s, \u00a763 du code du commerce et obligation de divulgation selon \u00a725 de la loi sur les m\u00e9dias<\/p>\n<p>Polaris Handelsgesellschaft m.b.H.<br \/>Landstra\u00dfer Hauptstra\u00dfe 146-148\/16\/B2<br \/>1030 Vienne<\/p>\n<p>Propri\u00e9taire&nbsp;: Richard Slomka<br \/>Objet de l\u2019entreprise&nbsp;: GR-Hdl.m.Bekleidung u. Textil.<br \/>Num\u00e9ro de TVA&nbsp;: ATU38327903<br \/>Num\u00e9ro d\u2019enregistrement de la soci\u00e9t\u00e9&nbsp;: FN 125371w<br \/>Tribunal de commerce&nbsp;: Handelsgericht Wien<br \/>Si\u00e8ge social&nbsp;: 1030 Vienne<br \/>Membre de&nbsp;: WKO<\/p>\n<h2>Coordonn\u00e9es<\/h2>\n<p>Landstra\u00dfer Hauptstra\u00dfe 146-148\/16\/B2, 1030 Vienne, Autriche<br \/>T\u00e9l.&nbsp;: +43 (0) 1710 51 33 &#8211; 0<br \/>Fax&nbsp;: +43 (0) 1710 51 33 &#8211; 33<br \/>E-mail&nbsp;: <a href=\"mailto:officeaustria@polarisfamily.com\">officeaustria@polarisfamily.com<\/a><\/p>\n<h2>Informations relatives au r\u00e8glement en ligne des litiges&nbsp;:<\/h2>\n<p>Les consommateurs ont la possibilit\u00e9 d\u2019adresser leurs plaintes \u00e0 la plateforme de r\u00e8glement en ligne des litiges de l\u2019UE&nbsp;: <a href=\"http:\/\/ec.europa.eu\/odr\" target=\"_blank\" rel=\"noopener\">http:\/\/ec.europa.eu\/odr<\/a>. Vous pouvez \u00e9galement adresser toute plainte \u00e9ventuelle \u00e0 l\u2019adresse e-mail indiqu\u00e9e ci-dessus. <\/p>\n<h2>Exclusion de responsabilit\u00e9<\/h2>\n<p>Cette exclusion de responsabilit\u00e9 doit \u00eatre consid\u00e9r\u00e9e comme faisant partie de l\u2019offre Internet \u00e0 partir de laquelle il a \u00e9t\u00e9 renvoy\u00e9 \u00e0 ce site Web. Si des parties ou des formulations individuelles de ce texte ne devaient pas, plus ou pas compl\u00e8tement correspondre \u00e0 la situation juridique en vigueur, les autres parties du document ne seraient pas affect\u00e9es dans leur contenu et leur validit\u00e9. <\/p>\n<h2>Responsabilit\u00e9 pour les contenus de ce site Web<\/h2>\n<p>Les contenus de ce site Web ont \u00e9t\u00e9 cr\u00e9\u00e9s avec le plus grand soin possible. Nous d\u00e9clinons toutefois toute responsabilit\u00e9 quant \u00e0 l\u2019exactitude, l\u2019exhaustivit\u00e9 et l\u2019actualit\u00e9 des contenus. En tant que prestataire de services, nous sommes responsables de nos propres contenus sur ces pages conform\u00e9ment aux lois g\u00e9n\u00e9rales. Nous ne sommes toutefois pas tenus de surveiller les informations transmises ou stock\u00e9es par des tiers, ni de rechercher les circonstances qui indiquent une activit\u00e9 ill\u00e9gale. Les obligations de suppression ou de blocage de l\u2019utilisation des informations conform\u00e9ment aux lois g\u00e9n\u00e9rales n\u2019en sont pas affect\u00e9es. Une responsabilit\u00e9 \u00e0 cet \u00e9gard n\u2019est toutefois possible qu\u2019\u00e0 partir du moment o\u00f9 une violation concr\u00e8te de la loi est connue. D\u00e8s que nous aurons connaissance de telles violations de la loi, nous supprimerons imm\u00e9diatement ces contenus.      <\/p>\n<h2>Responsabilit\u00e9 pour les liens vers des sites Web tiers<\/h2>\n<p>Notre offre contient des liens vers des sites Web externes. Nous n\u2019avons aucune influence sur le contenu de ces sites Web externes. Par cons\u00e9quent, nous ne pouvons assumer aucune responsabilit\u00e9 pour ces contenus externes. Le fournisseur ou l\u2019exploitant respectif des pages est toujours responsable du contenu des pages li\u00e9es. Les pages li\u00e9es ont \u00e9t\u00e9 v\u00e9rifi\u00e9es au moment de la cr\u00e9ation du lien afin de d\u00e9tecter d\u2019\u00e9ventuelles violations de la loi. Les contenus ill\u00e9gaux n\u2019\u00e9taient pas reconnaissables au moment de la cr\u00e9ation du lien. Un contr\u00f4le permanent du contenu des pages li\u00e9es n\u2019est toutefois pas raisonnable sans indices concrets d\u2019une violation de la loi. D\u00e8s que nous aurons connaissance de violations de la loi, nous supprimerons imm\u00e9diatement ces liens.       <\/p>\n<h2>Droit d\u2019auteur<\/h2>\n<p>Les exploitants de ce site Web s\u2019efforcent de toujours respecter les droits d\u2019auteur d\u2019autrui ou de recourir \u00e0 des \u0153uvres cr\u00e9\u00e9es par eux-m\u00eames ou sans licence. Les contenus et \u0153uvres cr\u00e9\u00e9s par les exploitants du site Web sur ce site Web sont soumis au droit d\u2019auteur. Les contributions de tiers sont signal\u00e9es comme telles. La reproduction, le traitement, la distribution et toute forme d\u2019exploitation en dehors des limites du droit d\u2019auteur n\u00e9cessitent l\u2019accord \u00e9crit de l\u2019auteur ou du cr\u00e9ateur respectif. Les t\u00e9l\u00e9chargements et les copies de cette page ne sont autoris\u00e9s que pour un usage priv\u00e9 et non commercial.    <\/p>\n<h2>D\u00e9claration de confidentialit\u00e9<\/h2>\n<p>Nous accordons une grande importance \u00e0 la protection de vos donn\u00e9es. Afin de vous informer pleinement sur l\u2019utilisation des donn\u00e9es personnelles, nous vous prions de prendre connaissance des informations suivantes relatives \u00e0 la protection des donn\u00e9es. <\/p>\n<h2>Donn\u00e9es personnelles<\/h2>\n<p>Les donn\u00e9es personnelles que vous transmettez \u00e9lectroniquement sur ce site Web, telles que le nom, l\u2019adresse e-mail, l\u2019adresse ou d\u2019autres informations personnelles, ne sont utilis\u00e9es par nous qu\u2019aux fins indiqu\u00e9es, conserv\u00e9es en toute s\u00e9curit\u00e9 et ne sont pas transmises \u00e0 des tiers. Le fournisseur collecte et enregistre automatiquement des informations sur le serveur Web, telles que le navigateur utilis\u00e9, le syst\u00e8me d\u2019exploitation, la page de r\u00e9f\u00e9rence, l\u2019adresse IP, l\u2019heure de l\u2019acc\u00e8s, etc. Ces donn\u00e9es ne peuvent pas \u00eatre attribu\u00e9es \u00e0 des personnes sp\u00e9cifiques sans v\u00e9rification d\u2019autres sources de donn\u00e9es et nous n\u2019\u00e9valuons pas non plus ces donn\u00e9es tant qu\u2019il n\u2019y a pas d\u2019utilisation ill\u00e9gale de notre site Web. <\/p>\n<h2>Donn\u00e9es de formulaire et commentaires<\/h2>\n<p>Lorsque les visiteurs du site Web laissent des commentaires ou des entr\u00e9es de formulaire, les donn\u00e9es saisies et leurs adresses IP sont enregistr\u00e9es. Cela se fait par s\u00e9curit\u00e9, au cas o\u00f9 quelqu\u2019un r\u00e9digerait des contenus ill\u00e9gaux (insultes, propagande d\u2019extr\u00eame gauche ou d\u2019extr\u00eame droite, messages de haine, etc.). Dans ce cas, nous sommes int\u00e9ress\u00e9s par l\u2019identit\u00e9 de l\u2019auteur.  <\/p>\n<h2>Cookies<\/h2>\n<p>Les cookies sont de petits fichiers qui permettent \u00e0 ce site Web de stocker des informations sp\u00e9cifiques relatives \u00e0 l\u2019utilisateur sur l\u2019ordinateur du visiteur, pendant que notre site Web est visit\u00e9. Les cookies nous aident \u00e0 d\u00e9terminer la fr\u00e9quence d\u2019utilisation et le nombre d\u2019utilisateurs de nos pages Internet, ainsi qu\u2019\u00e0 rendre nos offres confortables et efficaces pour vous. Nous utilisons d\u2019une part des cookies de session, qui sont exclusivement mis en cache pendant la dur\u00e9e de votre utilisation de notre site Web, et d\u2019autre part des cookies permanents, afin de conserver des informations sur les visiteurs qui acc\u00e8dent \u00e0 notre site Web de mani\u00e8re r\u00e9p\u00e9t\u00e9e. L\u2019objectif de l\u2019utilisation de ces cookies est de pouvoir offrir une navigation optimale \u00e0 l\u2019utilisateur, de reconna\u00eetre les visiteurs et de pouvoir pr\u00e9senter un site Web aussi attrayant que possible et des contenus int\u00e9ressants en cas d\u2019utilisation r\u00e9p\u00e9t\u00e9e. Le contenu d\u2019un cookie permanent se limite \u00e0 un num\u00e9ro d\u2019identification. Le nom, l\u2019adresse IP, etc. ne sont pas enregistr\u00e9s. Il n\u2019y a pas de cr\u00e9ation de profil individuel concernant votre comportement d\u2019utilisation. Une utilisation de nos offres est \u00e9galement possible sans cookies. Vous pouvez d\u00e9sactiver l\u2019enregistrement de cookies dans votre navigateur, le limiter \u00e0 certains sites Web ou configurer votre navigateur Web (Chrome, IE, Firefox,\u2026) de mani\u00e8re \u00e0 ce qu\u2019il vous avertisse d\u00e8s qu\u2019un cookie est envoy\u00e9. Vous pouvez \u00e9galement supprimer les cookies \u00e0 tout moment du disque dur de votre PC. Veuillez toutefois noter que, dans ce cas, vous devez vous attendre \u00e0 une pr\u00e9sentation limit\u00e9e de la page et \u00e0 une navigation utilisateur limit\u00e9e.          <\/p>\n<p>[\/et_pb_text][\/et_pb_column][\/et_pb_row][\/et_pb_section]<\/p>\n","protected":false},"excerpt":{"rendered":"<p>Mentions l\u00e9galesObligation d&rsquo;information selon \u00a75 de la loi sur le commerce \u00e9lectronique, \u00a714 du code des soci\u00e9t\u00e9s, \u00a763 du code du commerce et obligation de divulgation selon \u00a725 de la loi sur les m\u00e9dias Polaris Handelsgesellschaft m.b.H.Landstra\u00dfer Hauptstra\u00dfe 146-148\/16\/B21030 Vienne Propri\u00e9taire&nbsp;: Richard SlomkaObjet de l\u2019entreprise&nbsp;: GR-Hdl.m.Bekleidung u. Textil.Num\u00e9ro de TVA&nbsp;: ATU38327903Num\u00e9ro d\u2019enregistrement de la soci\u00e9t\u00e9&nbsp;: [&hellip;]<\/p>\n","protected":false},"author":1,"featured_media":0,"parent":0,"menu_order":0,"comment_status":"closed","ping_status":"closed","template":"","meta":{"_et_pb_use_builder":"on","_et_pb_old_content":"","_et_gb_content_width":"","footnotes":""},"class_list":["post-587","page","type-page","status-publish","hentry"],"_links":{"self":[{"href":"https:\/\/polarisfamily.com\/fr\/wp-json\/wp\/v2\/pages\/587","targetHints":{"allow":["GET"]}}],"collection":[{"href":"https:\/\/polarisfamily.com\/fr\/wp-json\/wp\/v2\/pages"}],"about":[{"href":"https:\/\/polarisfamily.com\/fr\/wp-json\/wp\/v2\/types\/page"}],"author":[{"embeddable":true,"href":"https:\/\/polarisfamily.com\/fr\/wp-json\/wp\/v2\/users\/1"}],"replies":[{"embeddable":true,"href":"https:\/\/polarisfamily.com\/fr\/wp-json\/wp\/v2\/comments?post=587"}],"version-history":[{"count":2,"href":"https:\/\/polarisfamily.com\/fr\/wp-json\/wp\/v2\/pages\/587\/revisions"}],"predecessor-version":[{"id":589,"href":"https:\/\/polarisfamily.com\/fr\/wp-json\/wp\/v2\/pages\/587\/revisions\/589"}],"wp:attachment":[{"href":"https:\/\/polarisfamily.com\/fr\/wp-json\/wp\/v2\/media?parent=587"}],"curies":[{"name":"wp","href":"https:\/\/api.w.org\/{rel}","templated":true}]}}