{"id":577,"date":"2025-12-08T14:03:27","date_gmt":"2025-12-08T14:03:27","guid":{"rendered":"https:\/\/polarisfamily.com\/a-propos-de-nous\/"},"modified":"2026-01-27T12:59:15","modified_gmt":"2026-01-27T12:59:15","slug":"a-propos-de-nous","status":"publish","type":"page","link":"https:\/\/polarisfamily.com\/fr\/a-propos-de-nous\/","title":{"rendered":"\u00c0 propos de nous"},"content":{"rendered":"<p>[et_pb_section fb_built=\u00a0\u00bb1&Prime; fullwidth=\u00a0\u00bbon\u00a0\u00bb _builder_version=\u00a0\u00bb4.27.5&Prime; _module_preset=\u00a0\u00bbdefault\u00a0\u00bb use_background_color_gradient=\u00a0\u00bbon\u00a0\u00bb background_color_gradient_stops=\u00a0\u00bbrgba(0,0,0,0) 1%|rgba(0,0,0,0.28) 100%\u00a0\u00bb background_color_gradient_overlays_image=\u00a0\u00bbon\u00a0\u00bb background_image=\u00a0\u00bbhttps:\/\/polarisfamily.com\/wp-content\/uploads\/2025\/12\/header-image-about.jpg\u00a0\u00bb min_height=\u00a0\u00bb550px\u00a0\u00bb min_height_tablet=\u00a0\u00bb550px\u00a0\u00bb min_height_phone=\u00a0\u00bb550px\u00a0\u00bb min_height_last_edited=\u00a0\u00bbon|desktop\u00a0\u00bb custom_margin=\u00a0\u00bb-160px||||false|false\u00a0\u00bb global_colors_info=\u00a0\u00bb{}\u00a0\u00bb][et_pb_fullwidth_header _builder_version=\u00a0\u00bb4.27.5&Prime; _module_preset=\u00a0\u00bbdefault\u00a0\u00bb title_font=\u00a0\u00bbArial|||on|||||\u00a0\u00bb title_font_size=\u00a0\u00bb60px\u00a0\u00bb title_letter_spacing=\u00a0\u00bb-0.04em\u00a0\u00bb title_line_height=\u00a0\u00bb0.8em\u00a0\u00bb background_enable_color=\u00a0\u00bboff\u00a0\u00bb background_enable_image=\u00a0\u00bboff\u00a0\u00bb custom_margin=\u00a0\u00bb||||false|false\u00a0\u00bb custom_padding=\u00a0\u00bb620px||38px||false|false\u00a0\u00bb animation_style=\u00a0\u00bbslide\u00a0\u00bb animation_direction=\u00a0\u00bbbottom\u00a0\u00bb animation_intensity_slide=\u00a0\u00bb5%\u00a0\u00bb global_colors_info=\u00a0\u00bb{}\u00a0\u00bb]<\/p>\n<h1><strong>TROIS d\u00e9cennies d&rsquo;<\/strong>excellence<br \/>dans la <br \/><strong>fabrication de v\u00eatements<\/strong><\/h1>\n<p>[\/et_pb_fullwidth_header][\/et_pb_section][et_pb_section fb_built=\u00a0\u00bb1&Prime; _builder_version=\u00a0\u00bb4.27.4&Prime; _module_preset=\u00a0\u00bbdefault\u00a0\u00bb custom_padding=\u00a0\u00bb44px||104px|||\u00a0\u00bb global_colors_info=\u00a0\u00bb{}\u00a0\u00bb][et_pb_row _builder_version=\u00a0\u00bb4.27.4&Prime; _module_preset=\u00a0\u00bbdefault\u00a0\u00bb custom_margin=\u00a0\u00bb0px||||false|false\u00a0\u00bb global_colors_info=\u00a0\u00bb{}\u00a0\u00bb][et_pb_column type=\u00a0\u00bb4_4&Prime; _builder_version=\u00a0\u00bb4.27.4&Prime; _module_preset=\u00a0\u00bbdefault\u00a0\u00bb global_colors_info=\u00a0\u00bb{}\u00a0\u00bb][et_pb_text _builder_version=\u00a0\u00bb4.27.5&Prime; _module_preset=\u00a0\u00bbdefault\u00a0\u00bb text_font=\u00a0\u00bbArial||||||||\u00a0\u00bb text_font_size=\u00a0\u00bb20px\u00a0\u00bb text_letter_spacing=\u00a0\u00bb0.01em\u00a0\u00bb text_line_height=\u00a0\u00bb1.6em\u00a0\u00bb header_font=\u00a0\u00bbArial|700|||||||\u00a0\u00bb header_2_font=\u00a0\u00bbArial|300|||||||\u00a0\u00bb header_2_text_color=\u00a0\u00bb#ff6600&Prime; header_2_font_size=\u00a0\u00bb50px\u00a0\u00bb header_2_letter_spacing=\u00a0\u00bb-0.03em\u00a0\u00bb header_2_line_height=\u00a0\u00bb0.9em\u00a0\u00bb custom_margin=\u00a0\u00bb0px||||false|false\u00a0\u00bb custom_padding=\u00a0\u00bb||||false|false\u00a0\u00bb locked=\u00a0\u00bboff\u00a0\u00bb global_colors_info=\u00a0\u00bb{}\u00a0\u00bb]<\/p>\n<h2>Ax\u00e9s sur la qualit\u00e9.<br \/><strong>Fond\u00e9s sur la confiance.<\/strong><\/h2>\n<p>[\/et_pb_text][et_pb_text quote_border_weight=\u00a0\u00bb60px\u00a0\u00bb quote_border_color=\u00a0\u00bb#FF6600&Prime; _builder_version=\u00a0\u00bb4.27.5&Prime; _module_preset=\u00a0\u00bbdefault\u00a0\u00bb text_font=\u00a0\u00bbArial||||||||\u00a0\u00bb text_font_size=\u00a0\u00bb20px\u00a0\u00bb text_letter_spacing=\u00a0\u00bb0.01em\u00a0\u00bb quote_font=\u00a0\u00bb|700||on|||||\u00a0\u00bb quote_text_color=\u00a0\u00bb#FF6600&Prime; header_font=\u00a0\u00bbArial|700|||||||\u00a0\u00bb header_2_font_size=\u00a0\u00bb25px\u00a0\u00bb header_2_line_height=\u00a0\u00bb1.2em\u00a0\u00bb header_3_font=\u00a0\u00bbArial|700|||||||\u00a0\u00bb header_3_text_color=\u00a0\u00bb#FF6600&Prime; header_3_line_height=\u00a0\u00bb1.7em\u00a0\u00bb custom_margin=\u00a0\u00bb-8px||5px||false|false\u00a0\u00bb global_colors_info=\u00a0\u00bb{}\u00a0\u00bb]<\/p>\n<h2>Depuis plus de trente ans, nous \u00e9voluons au c\u0153ur de l&rsquo;industrie internationale de l&rsquo;habillement. Ce qui nous motive, ce n&rsquo;est pas seulement la production de v\u00eatements, mais la passion pour la qualit\u00e9, la pr\u00e9cision et l&rsquo;interaction parfaite entre le design, l&rsquo;artisanat, la technologie et le timing. <\/h2>\n<blockquote>\n<p>La qualit\u00e9 n&rsquo;est pas une \u00e9tape, c&rsquo;est un \u00e9tat d&rsquo;esprit<\/p>\n<\/blockquote>\n<p>Pour nous, la qualit\u00e9 ne commence pas \u00e0 la fin, mais accompagne chaque \u00e9tape du processus de production. Du premier contr\u00f4le du tissu \u00e0 la livraison finale, chaque lot est accompagn\u00e9, contr\u00f4l\u00e9 et document\u00e9 par nos experts qualit\u00e9 internationaux. <\/p>\n<p>Nous nous assurons ainsi qu&rsquo;au final, il ne s&rsquo;agit pas simplement d&rsquo;un produit, mais d&rsquo;un r\u00e9sultat qui r\u00e9pond \u00e0 nos propres exigences : une qualit\u00e9 sans compromis.<\/p>\n<blockquote>\n<p>De la vision \u00e0 la livraison<\/p>\n<\/blockquote>\n<p>Notre travail ne s&rsquo;arr\u00eate pas \u00e0 la machine \u00e0 coudre. Nous pensons les processus de mani\u00e8re globale. C&rsquo;est pourquoi nous soutenons nos clients non seulement dans la production, mais aussi dans les domaines du financement et de la logistique.  <\/p>\n<p>Vous d\u00e9finissez votre vision, votre produit et votre date cible \u2013 nous nous occupons du chemin \u00e0 parcourir. De mani\u00e8re structur\u00e9e, fiable et avec un regard fixe sur la rentabilit\u00e9 et la s\u00e9curit\u00e9 de la livraison. <\/p>\n<blockquote>\n<p>Ce qui nous d\u00e9finit<\/p>\n<\/blockquote>\n<ul>\n<li>Plus de 30 ans d&rsquo;exp\u00e9rience internationale<\/li>\n<li>Sites de production propres en Europe et en Asie<\/li>\n<li>Culture de la qualit\u00e9 v\u00e9cue \u00e0 tous les niveaux<\/li>\n<li>Processus fiables et communication transparente<\/li>\n<li>Solutions cl\u00e9s en main d&rsquo;un seul tenant<\/li>\n<\/ul>\n<blockquote>\n<p>Un partenariat sur lequel vous pouvez compter<\/p>\n<\/blockquote>\n<p>Nous ne nous consid\u00e9rons pas comme un simple prestataire de services, mais comme un partenaire \u00e0 long terme \u00e0 vos c\u00f4t\u00e9s. Votre succ\u00e8s n&rsquo;est pas un projet pour nous, c&rsquo;est notre exigence. <\/p>\n<p>[\/et_pb_text][\/et_pb_column][\/et_pb_row][\/et_pb_section][et_pb_section fb_built=\u00a0\u00bb1&Prime; _builder_version=\u00a0\u00bb4.27.4&Prime; _module_preset=\u00a0\u00bbdefault\u00a0\u00bb background_color=\u00a0\u00bb#cccccc\u00a0\u00bb custom_padding=\u00a0\u00bb117px||104px|||\u00a0\u00bb locked=\u00a0\u00bboff\u00a0\u00bb global_colors_info=\u00a0\u00bb{}\u00a0\u00bb][et_pb_row _builder_version=\u00a0\u00bb4.27.4&Prime; _module_preset=\u00a0\u00bbdefault\u00a0\u00bb global_colors_info=\u00a0\u00bb{}\u00a0\u00bb][et_pb_column type=\u00a0\u00bb4_4&Prime; _builder_version=\u00a0\u00bb4.27.4&Prime; _module_preset=\u00a0\u00bbdefault\u00a0\u00bb global_colors_info=\u00a0\u00bb{}\u00a0\u00bb][et_pb_text _builder_version=\u00a0\u00bb4.27.5&Prime; _module_preset=\u00a0\u00bbdefault\u00a0\u00bb text_font=\u00a0\u00bbArial||||||||\u00a0\u00bb text_font_size=\u00a0\u00bb20px\u00a0\u00bb text_letter_spacing=\u00a0\u00bb0.01em\u00a0\u00bb text_line_height=\u00a0\u00bb1.6em\u00a0\u00bb header_font=\u00a0\u00bbArial|700|||||||\u00a0\u00bb header_2_font=\u00a0\u00bbArial|300|||||||\u00a0\u00bb header_2_text_color=\u00a0\u00bb#ff6600&Prime; header_2_font_size=\u00a0\u00bb50px\u00a0\u00bb header_2_letter_spacing=\u00a0\u00bb-0.03em\u00a0\u00bb header_2_line_height=\u00a0\u00bb0.9em\u00a0\u00bb global_colors_info=\u00a0\u00bb{}\u00a0\u00bb]<\/p>\n<h2>De la vision au <br \/><strong>partenaire de fabrication<\/strong> mondial<\/h2>\n<p>[\/et_pb_text][et_pb_text quote_border_weight=\u00a0\u00bb60px\u00a0\u00bb quote_border_color=\u00a0\u00bb#FF6600&Prime; _builder_version=\u00a0\u00bb4.27.5&Prime; _module_preset=\u00a0\u00bbdefault\u00a0\u00bb text_font=\u00a0\u00bbArial||||||||\u00a0\u00bb text_font_size=\u00a0\u00bb20px\u00a0\u00bb text_letter_spacing=\u00a0\u00bb0.01em\u00a0\u00bb quote_font=\u00a0\u00bb|700||on|||||\u00a0\u00bb quote_text_color=\u00a0\u00bb#FF6600&Prime; header_font=\u00a0\u00bbArial|700|||||||\u00a0\u00bb header_2_font_size=\u00a0\u00bb25px\u00a0\u00bb header_2_line_height=\u00a0\u00bb1.2em\u00a0\u00bb header_3_font=\u00a0\u00bbArial|700|||||||\u00a0\u00bb header_3_text_color=\u00a0\u00bb#FF6600&Prime; header_3_line_height=\u00a0\u00bb1.7em\u00a0\u00bb custom_margin=\u00a0\u00bb-8px||5px||false|false\u00a0\u00bb global_colors_info=\u00a0\u00bb{}\u00a0\u00bb]<\/p>\n<p>Notre histoire commence en 1992 \u2013 avec une id\u00e9e claire et l&rsquo;ambition d&rsquo;\u00eatre plus qu&rsquo;un simple interm\u00e9diaire. Ce qui a commenc\u00e9 comme une agence s&rsquo;est d\u00e9velopp\u00e9 pas \u00e0 pas pour devenir une entreprise internationale qui proposait tr\u00e8s t\u00f4t \u00e0 ses clients non seulement des prestations individuelles, mais aussi des solutions globales. <\/p>\n<p>Avec la confiance croissante de nos clients, nos exigences ont \u00e9galement augment\u00e9 : nous avons \u00e9tendu notre pr\u00e9sence dans le monde entier, ouvert nos propres bureaux, \u00e9largi nos capacit\u00e9s de production en Europe et cr\u00e9\u00e9 des structures qui permettent la proximit\u00e9, le contr\u00f4le et le suivi personnalis\u00e9 \u2013 au-del\u00e0 des fronti\u00e8res nationales.<\/p>\n<blockquote>\n<p>Croissance par la responsabilit\u00e9<\/p>\n<\/blockquote>\n<p>L&rsquo;extension de nos propres sites de production, l&rsquo;int\u00e9gration de la logistique, du financement et de notre propre centre de d\u00e9veloppement ont \u00e9t\u00e9 pour nous des \u00e9tapes logiques sur cette voie. Aujourd&rsquo;hui, nous sommes en mesure de proposer \u00e0 nos clients des solutions de production cl\u00e9s en main d&rsquo;un seul tenant \u2013 de la premi\u00e8re id\u00e9e \u00e0 la livraison dans le centre de distribution respectif. <\/p>\n<p>Ce qui nous a toujours accompagn\u00e9s, c&rsquo;est l&rsquo;ambition d&rsquo;assumer la responsabilit\u00e9 : pour la qualit\u00e9, pour les processus, pour les d\u00e9lais \u2013 et pour le succ\u00e8s de nos partenaires.<\/p>\n<blockquote>\n<p>Aujourd&rsquo;hui et au-del\u00e0<\/p>\n<\/blockquote>\n<p>Aujourd&rsquo;hui, nous accompagnons une client\u00e8le internationale en constante augmentation et nous nous consid\u00e9rons comme un partenaire \u00e0 long terme pour les marques, les distributeurs et les entreprises du monde entier. Notre histoire est marqu\u00e9e par le d\u00e9veloppement, la confiance et la volont\u00e9 continue de remettre en question et de repenser l&rsquo;existant. <\/p>\n<p>Et elle n&rsquo;est pas encore termin\u00e9e.<\/p>\n<p>[\/et_pb_text][tmdivi_timeline story_spacing_top=\u00a0\u00bb20px\u00a0\u00bb timeline_color=\u00a0\u00bb#FFFFFF\u00a0\u00bb timeline_fill_setting=\u00a0\u00bboff\u00a0\u00bb icon_background_color=\u00a0\u00bb#FF6600&Prime; label_font=\u00a0\u00bbArial|600|||||||\u00a0\u00bb label_font_color=\u00a0\u00bb#FF6600&Prime; sub_label_font=\u00a0\u00bbArial|||on|||||\u00a0\u00bb sub_label_font_color=\u00a0\u00bbrgba(0,0,0,0.6)\u00a0\u00bb year_label_font=\u00a0\u00bbArial|700||on|||||\u00a0\u00bb year_label_font_color=\u00a0\u00bb#FF6600&Prime; year_label_bg_color=\u00a0\u00bb#FFFFFF\u00a0\u00bb heading_font_color=\u00a0\u00bb#FF6600&Prime; description_text_size=\u00a0\u00bb18px\u00a0\u00bb _builder_version=\u00a0\u00bb4.27.5&Prime; _module_preset=\u00a0\u00bbdefault\u00a0\u00bb heading_settings_font=\u00a0\u00bbArial|700||on|||||\u00a0\u00bb description_settings_font=\u00a0\u00bbArial||||||||\u00a0\u00bb module_alignment=\u00a0\u00bbcenter\u00a0\u00bb hover_transition_speed_curve=\u00a0\u00bbease-in-out\u00a0\u00bb hover_enabled=\u00a0\u00bb0&Prime; border_radii_story_settings=\u00a0\u00bbon|5px|5px|5px|5px\u00a0\u00bb global_colors_info=\u00a0\u00bb{}\u00a0\u00bb sticky_enabled=\u00a0\u00bb0&Prime;][tmdivi_timeline_story show_label=\u00a0\u00bbon\u00a0\u00bb label_text=\u00a0\u00bb1992&Prime; label_date=\u00a0\u00bb1992&Prime; sub_label=\u00a0\u00bbEstablishment\u00a0\u00bb story_title=\u00a0\u00bbEstablishment\u00a0\u00bb _builder_version=\u00a0\u00bb4.27.5&Prime; _module_preset=\u00a0\u00bbdefault\u00a0\u00bb global_colors_info=\u00a0\u00bb{}\u00a0\u00bb]<\/p>\n<p>Polaris Austria<\/p>\n<p>[\/tmdivi_timeline_story][tmdivi_timeline_story show_label=\u00a0\u00bboff\u00a0\u00bb label_date=\u00a0\u00bb1993&Prime; sub_label=\u00a0\u00bbExpanded\u00a0\u00bb story_title=\u00a0\u00bbExpanded\u00a0\u00bb _builder_version=\u00a0\u00bb4.27.5&Prime; _module_preset=\u00a0\u00bbdefault\u00a0\u00bb global_colors_info=\u00a0\u00bb{}\u00a0\u00bb]<\/p>\n<p>Polaris Poland<\/p>\n<p>[\/tmdivi_timeline_story][tmdivi_timeline_story label_date=\u00a0\u00bb1993&Prime; sub_label=\u00a0\u00bbExpanded\u00a0\u00bb story_title=\u00a0\u00bbExpanded\u00a0\u00bb _builder_version=\u00a0\u00bb4.27.5&Prime; _module_preset=\u00a0\u00bbdefault\u00a0\u00bb global_colors_info=\u00a0\u00bb{}\u00a0\u00bb]<\/p>\n<p>Polaris USA<\/p>\n<p>[\/tmdivi_timeline_story][tmdivi_timeline_story label_date=\u00a0\u00bb1993&Prime; sub_label=\u00a0\u00bbExpanded\u00a0\u00bb story_title=\u00a0\u00bbExpanded\u00a0\u00bb _builder_version=\u00a0\u00bb4.27.5&Prime; _module_preset=\u00a0\u00bbdefault\u00a0\u00bb global_colors_info=\u00a0\u00bb{}\u00a0\u00bb]<\/p>\n<p>Polaris Canada<\/p>\n<p>[\/tmdivi_timeline_story][tmdivi_timeline_story show_label=\u00a0\u00bboff\u00a0\u00bb label_date=\u00a0\u00bb1995&Prime; sub_label=\u00a0\u00bbExpanded\u00a0\u00bb story_title=\u00a0\u00bbExpanded\u00a0\u00bb _builder_version=\u00a0\u00bb4.27.5&Prime; _module_preset=\u00a0\u00bbdefault\u00a0\u00bb global_colors_info=\u00a0\u00bb{}\u00a0\u00bb]<\/p>\n<p>Polaris Office Germany<\/p>\n<p>[\/tmdivi_timeline_story][tmdivi_timeline_story show_label=\u00a0\u00bboff\u00a0\u00bb label_date=\u00a0\u00bb1998&Prime; sub_label=\u00a0\u00bbExpanded\u00a0\u00bb story_title=\u00a0\u00bbExpanded\u00a0\u00bb _builder_version=\u00a0\u00bb4.27.5&Prime; _module_preset=\u00a0\u00bbdefault\u00a0\u00bb global_colors_info=\u00a0\u00bb{}\u00a0\u00bb]<\/p>\n<p>Polaris Office Ukraine<\/p>\n<p>[\/tmdivi_timeline_story][tmdivi_timeline_story show_label=\u00a0\u00bboff\u00a0\u00bb label_date=\u00a0\u00bb2005&Prime; sub_label=\u00a0\u00bbExpanded\u00a0\u00bb story_title=\u00a0\u00bbExpanded\u00a0\u00bb _builder_version=\u00a0\u00bb4.27.5&Prime; _module_preset=\u00a0\u00bbdefault\u00a0\u00bb global_colors_info=\u00a0\u00bb{}\u00a0\u00bb]<\/p>\n<p>Polaris Office Vietnam<\/p>\n<p>[\/tmdivi_timeline_story][tmdivi_timeline_story show_label=\u00a0\u00bboff\u00a0\u00bb label_date=\u00a0\u00bb2005&Prime; sub_label=\u00a0\u00bbExpanded\u00a0\u00bb story_title=\u00a0\u00bbExpanded\u00a0\u00bb _builder_version=\u00a0\u00bb4.27.5&Prime; _module_preset=\u00a0\u00bbdefault\u00a0\u00bb global_colors_info=\u00a0\u00bb{}\u00a0\u00bb]<\/p>\n<p>Polaris France<\/p>\n<p>[\/tmdivi_timeline_story][tmdivi_timeline_story show_label=\u00a0\u00bboff\u00a0\u00bb label_date=\u00a0\u00bb2009&Prime; sub_label=\u00a0\u00bbExpanded\u00a0\u00bb story_title=\u00a0\u00bbExpanded\u00a0\u00bb _builder_version=\u00a0\u00bb4.27.5&Prime; _module_preset=\u00a0\u00bbdefault\u00a0\u00bb global_colors_info=\u00a0\u00bb{}\u00a0\u00bb]<\/p>\n<p>Polaris Bangladesh<\/p>\n<p>[\/tmdivi_timeline_story][tmdivi_timeline_story show_label=\u00a0\u00bboff\u00a0\u00bb label_date=\u00a0\u00bb2009&Prime; sub_label=\u00a0\u00bbExpanded\u00a0\u00bb story_title=\u00a0\u00bbExpanded\u00a0\u00bb _builder_version=\u00a0\u00bb4.27.5&Prime; _module_preset=\u00a0\u00bbdefault\u00a0\u00bb global_colors_info=\u00a0\u00bb{}\u00a0\u00bb]<\/p>\n<p>Polaris Italy<\/p>\n<p>[\/tmdivi_timeline_story][tmdivi_timeline_story _builder_version=\u00a0\u00bb4.27.5&Prime; _module_preset=\u00a0\u00bbdefault\u00a0\u00bb][\/tmdivi_timeline_story][\/tmdivi_timeline][\/et_pb_column][\/et_pb_row][\/et_pb_section]<\/p>\n","protected":false},"excerpt":{"rendered":"<p>TROIS d\u00e9cennies d&rsquo;excellencedans la fabrication de v\u00eatementsAx\u00e9s sur la qualit\u00e9.Fond\u00e9s sur la confiance.Depuis plus de trente ans, nous \u00e9voluons au c\u0153ur de l&rsquo;industrie internationale de l&rsquo;habillement. Ce qui nous motive, ce n&rsquo;est pas seulement la production de v\u00eatements, mais la passion pour la qualit\u00e9, la pr\u00e9cision et l&rsquo;interaction parfaite entre le design, l&rsquo;artisanat, la technologie [&hellip;]<\/p>\n","protected":false},"author":1,"featured_media":0,"parent":0,"menu_order":0,"comment_status":"closed","ping_status":"closed","template":"","meta":{"_et_pb_use_builder":"on","_et_pb_old_content":"","_et_gb_content_width":"","footnotes":""},"class_list":["post-577","page","type-page","status-publish","hentry"],"_links":{"self":[{"href":"https:\/\/polarisfamily.com\/fr\/wp-json\/wp\/v2\/pages\/577","targetHints":{"allow":["GET"]}}],"collection":[{"href":"https:\/\/polarisfamily.com\/fr\/wp-json\/wp\/v2\/pages"}],"about":[{"href":"https:\/\/polarisfamily.com\/fr\/wp-json\/wp\/v2\/types\/page"}],"author":[{"embeddable":true,"href":"https:\/\/polarisfamily.com\/fr\/wp-json\/wp\/v2\/users\/1"}],"replies":[{"embeddable":true,"href":"https:\/\/polarisfamily.com\/fr\/wp-json\/wp\/v2\/comments?post=577"}],"version-history":[{"count":1,"href":"https:\/\/polarisfamily.com\/fr\/wp-json\/wp\/v2\/pages\/577\/revisions"}],"predecessor-version":[{"id":581,"href":"https:\/\/polarisfamily.com\/fr\/wp-json\/wp\/v2\/pages\/577\/revisions\/581"}],"wp:attachment":[{"href":"https:\/\/polarisfamily.com\/fr\/wp-json\/wp\/v2\/media?parent=577"}],"curies":[{"name":"wp","href":"https:\/\/api.w.org\/{rel}","templated":true}]}}